{"id":3280,"date":"2023-02-27T12:12:00","date_gmt":"2023-02-27T11:12:00","guid":{"rendered":"https:\/\/nadadebajo.com\/returns-exchanges\/"},"modified":"2023-04-14T15:04:01","modified_gmt":"2023-04-14T13:04:01","slug":"returns-exchanges","status":"publish","type":"page","link":"https:\/\/nadadebajo.com\/es\/returns-exchanges\/","title":{"rendered":"DEVOLUCIONES Y CAMBIOS"},"content":{"rendered":"\t\t<div data-elementor-type=\"wp-page\" data-elementor-id=\"3280\" class=\"elementor elementor-3280 elementor-2716\" data-elementor-post-type=\"page\">\n\t\t\t\t\t\t<section class=\"elementor-section elementor-top-section elementor-element elementor-element-9cf794c elementor-hidden-mobile elementor-section-boxed elementor-section-height-default elementor-section-height-default\" data-id=\"9cf794c\" data-element_type=\"section\" data-e-type=\"section\">\n\t\t\t\t\t\t<div class=\"elementor-container elementor-column-gap-extended\">\n\t\t\t\t\t<div class=\"elementor-column elementor-col-100 elementor-top-column elementor-element elementor-element-6d6501d\" data-id=\"6d6501d\" data-element_type=\"column\" data-e-type=\"column\">\n\t\t\t<div class=\"elementor-widget-wrap elementor-element-populated\">\n\t\t\t\t\t\t<div class=\"elementor-element elementor-element-3e24865 elementor-widget elementor-widget-spacer\" data-id=\"3e24865\" data-element_type=\"widget\" data-e-type=\"widget\" data-widget_type=\"spacer.default\">\n\t\t\t\t<div class=\"elementor-widget-container\">\n\t\t\t\t\t\t\t<div class=\"elementor-spacer\">\n\t\t\t<div class=\"elementor-spacer-inner\"><\/div>\n\t\t<\/div>\n\t\t\t\t\t\t<\/div>\n\t\t\t\t<\/div>\n\t\t\t\t<div class=\"elementor-element elementor-element-c5afdca elementor-widget elementor-widget-text-editor\" data-id=\"c5afdca\" data-element_type=\"widget\" data-e-type=\"widget\" data-widget_type=\"text-editor.default\">\n\t\t\t\t<div class=\"elementor-widget-container\">\n\t\t\t\t\t\t\t\t\t<p>DEVOLUCIONES<\/p>\t\t\t\t\t\t\t\t<\/div>\n\t\t\t\t<\/div>\n\t\t\t\t<div class=\"elementor-element elementor-element-780d9f0 elementor-widget elementor-widget-text-editor\" data-id=\"780d9f0\" data-element_type=\"widget\" data-e-type=\"widget\" data-widget_type=\"text-editor.default\">\n\t\t\t\t<div class=\"elementor-widget-container\">\n\t\t\t\t\t\t\t\t\t<p class=\"p1\">NADA DEBAJO tiene una pol\u00edtica de devoluciones de 14 d\u00edas: tienes 14 d\u00edas desde el d\u00eda en que recibes tu pedido para envi\u00e1rnoslo de vuelta para un reembolso o cambio.<\/p><p class=\"p1\">NADA DEBAJO asumir\u00e1 los gastos de la devoluci\u00f3n.<\/p><p class=\"p1\">Procedimiento:<\/p><p><span class=\"s1\">\u2013 Env\u00eda un mail a info@nadadebajo.com informando de la devoluci\u00f3n, indicando: n\u00famero de pedido y el motivo de la devoluci\u00f3n.<\/span><\/p><p><span class=\"s1\">\u2013 NADA DEBAJO te enviar\u00e1 una etiqueta de env\u00edo que deber\u00e1s imprimir para colocarla en el paquete.<\/span><\/p><p><span class=\"s1\">\u2013 Ac\u00e9rcate a un punto de DHL y entrega el producto con su packaging original, sus etiquetas y todos los accesorios. No tendr\u00e1s que asumir ning\u00fan coste de env\u00edo.<\/span><\/p><p><span class=\"s1\">\u2013 Cuando recibamos el producto, revisaremos que est\u00e9 en buen estado y procederemos con la devoluci\u00f3n del importe mediante el mismo m\u00e9todo de pago. La devoluci\u00f3n del importe puede tardar hasta 5 \u2013 7 d\u00edas laborables .<span class=\"Apple-converted-space\">\u00a0<\/span><\/span><\/p><p class=\"p4\">Importante:<\/p><p><span class=\"s1\">\u2013 En ning\u00fan caso devolveremos el importe de los gastos de env\u00edo originales.<\/span><\/p><p><span class=\"s1\">\u2013 No devolveremos el importe de art\u00edculos da\u00f1ados o rotos que no sean por defecto de fabricaci\u00f3n.<\/span><\/p>\t\t\t\t\t\t\t\t<\/div>\n\t\t\t\t<\/div>\n\t\t\t\t<div class=\"elementor-element elementor-element-90a416a elementor-widget elementor-widget-text-editor\" data-id=\"90a416a\" data-element_type=\"widget\" data-e-type=\"widget\" data-widget_type=\"text-editor.default\">\n\t\t\t\t<div class=\"elementor-widget-container\">\n\t\t\t\t\t\t\t\t\t<p>CAMBIOS<\/p>\t\t\t\t\t\t\t\t<\/div>\n\t\t\t\t<\/div>\n\t\t\t\t<div class=\"elementor-element elementor-element-66b302e elementor-widget elementor-widget-text-editor\" data-id=\"66b302e\" data-element_type=\"widget\" data-e-type=\"widget\" data-widget_type=\"text-editor.default\">\n\t\t\t\t<div class=\"elementor-widget-container\">\n\t\t\t\t\t\t\t\t\t<p class=\"p1\">NADA DEBAJO tiene una pol\u00edtica de cambio de 14 d\u00edas: tienes 14 d\u00edas desde el d\u00eda en que recibes tu pedido para envi\u00e1rnoslo de vuelta para un reembolso o cambio.<\/p><p class=\"p3\">El cliente asumir\u00e1 el coste del env\u00edo del producto a cambiar y NADA DEBAJO\u00a0enviar\u00e1 gratuitamente el nuevo producto.<\/p><p class=\"p3\">Procedimiento:<\/p><p><span class=\"s1\">\u2013 Env\u00eda un mail a info@nadadebajo.com informando del cambio. Indicando: n\u00famero de pedido y el motivo del cambio. Solo podemos hacer cambios del mismo articulo en diferentes tallas u otros art\u00edculos que tengan el mismo precio.<span class=\"Apple-converted-space\">\u00a0<\/span><\/span><\/p><p><span class=\"s1\">\u2013 Env\u00eda el producto con su packaging original, sus etiquetas y todos los accesorios a la direcci\u00f3n, indicando en su interior el n\u00famero de pedido:<\/span><\/p><p><span class=\"s1\">\u00a0 \u00a0NADA DEBAJO S.L.<span class=\"Apple-converted-space\"><br \/><\/span>\u00a0 \u00a0C\/ Roger de Lluria 91, 1\u00ba 2\u00aa<span class=\"Apple-converted-space\"><br \/><\/span>\u00a0 \u00a008009 Barcelona, Espa\u00f1a<\/span><\/p><p><span class=\"s1\">\u2013 Cuando recibamos el producto, revisaremos que est\u00e9 en buen estado y procederemos con el cambio.\u00a0<\/span><\/p><p class=\"p3\">En NADA DEBAJO somos exigentes con las cosas bien hechas, por lo que si alguna de las piezas se recibe rota o con alg\u00fan defecto de f\u00e1brica, por favor, contacta con nosotros en:\u00a0info@nadadebajo.com\u00a0y trataremos de solucionarlo.<\/p>\t\t\t\t\t\t\t\t<\/div>\n\t\t\t\t<\/div>\n\t\t\t\t<div class=\"elementor-element elementor-element-6873612 elementor-widget elementor-widget-text-editor\" data-id=\"6873612\" data-element_type=\"widget\" data-e-type=\"widget\" data-widget_type=\"text-editor.default\">\n\t\t\t\t<div class=\"elementor-widget-container\">\n\t\t\t\t\t\t\t\t\t<p>CUIDADO Y REPARACI\u00d3N<\/p>\t\t\t\t\t\t\t\t<\/div>\n\t\t\t\t<\/div>\n\t\t\t\t<div class=\"elementor-element elementor-element-f5fa9ce elementor-widget elementor-widget-text-editor\" data-id=\"f5fa9ce\" data-element_type=\"widget\" data-e-type=\"widget\" data-widget_type=\"text-editor.default\">\n\t\t\t\t<div class=\"elementor-widget-container\">\n\t\t\t\t\t\t\t\t\t<p>Creemos que la ropa debe cuidarse para tenerla durante m\u00e1s tiempo. En My closet, podr\u00e1s encontrar consejos \u00fatiles sobre c\u00f3mo cuidar tu prenda. Si alguna vez necesitas reparar una prenda, NADA DEBAJO ofrece un servicio de reparaciones interno. Si necesitas ayuda puedes ponerte en contacto con nosotros en: info@nadadebajo.com o +34 606 633 928.<\/p>\t\t\t\t\t\t\t\t<\/div>\n\t\t\t\t<\/div>\n\t\t\t\t\t<\/div>\n\t\t<\/div>\n\t\t\t\t\t<\/div>\n\t\t<\/section>\n\t\t\t\t<section class=\"elementor-section elementor-top-section elementor-element elementor-element-646e415 elementor-hidden-desktop elementor-hidden-tablet elementor-section-boxed elementor-section-height-default elementor-section-height-default\" data-id=\"646e415\" data-element_type=\"section\" data-e-type=\"section\">\n\t\t\t\t\t\t<div class=\"elementor-container elementor-column-gap-extended\">\n\t\t\t\t\t<div class=\"elementor-column elementor-col-100 elementor-top-column elementor-element elementor-element-cfe61ee\" data-id=\"cfe61ee\" data-element_type=\"column\" data-e-type=\"column\">\n\t\t\t<div class=\"elementor-widget-wrap elementor-element-populated\">\n\t\t\t\t\t\t<div class=\"elementor-element elementor-element-08aa656 elementor-widget elementor-widget-text-editor\" data-id=\"08aa656\" data-element_type=\"widget\" data-e-type=\"widget\" data-widget_type=\"text-editor.default\">\n\t\t\t\t<div class=\"elementor-widget-container\">\n\t\t\t\t\t\t\t\t\t<p>DEVOLUCIONES<\/p>\t\t\t\t\t\t\t\t<\/div>\n\t\t\t\t<\/div>\n\t\t\t\t<div class=\"elementor-element elementor-element-cb3c561 elementor-widget elementor-widget-text-editor\" data-id=\"cb3c561\" data-element_type=\"widget\" data-e-type=\"widget\" data-widget_type=\"text-editor.default\">\n\t\t\t\t<div class=\"elementor-widget-container\">\n\t\t\t\t\t\t\t\t\t<p class=\"p1\">NADA DEBAJO tiene una pol\u00edtica de devoluciones de 14 d\u00edas: tienes 14 d\u00edas desde el d\u00eda en que recibes tu pedido para envi\u00e1rnoslo de vuelta para un reembolso o cambio.<\/p><p class=\"p1\">NADA DEBAJO asumir\u00e1 los gastos de la devoluci\u00f3n.<\/p><p class=\"p1\">Procedimiento:<\/p><p><span class=\"s1\">\u2013 Env\u00eda un mail a info@nadadebajo.com informando de la devoluci\u00f3n, indicando: n\u00famero de pedido y el motivo de la devoluci\u00f3n.<\/span><\/p><p><span class=\"s1\">\u2013 NADA DEBAJO te enviar\u00e1 una etiqueta de env\u00edo que deber\u00e1s imprimir para colocarla en el paquete.<\/span><\/p><p><span class=\"s1\">\u2013 Ac\u00e9rcate a un punto de DHL y entrega el producto con su packaging original, sus etiquetas y todos los accesorios. No tendr\u00e1s que asumir ning\u00fan coste de env\u00edo.<\/span><\/p><p><span class=\"s1\">\u2013 Cuando recibamos el producto, revisaremos que est\u00e9 en buen estado y procederemos con la devoluci\u00f3n del importe mediante el mismo m\u00e9todo de pago. La devoluci\u00f3n del importe puede tardar hasta 5 \u2013 7 d\u00edas laborables .<span class=\"Apple-converted-space\">\u00a0<\/span><\/span><\/p><p class=\"p4\">Importante:<\/p><p><span class=\"s1\">\u2013 En ning\u00fan caso devolveremos el importe de los gastos de env\u00edo originales.<\/span><\/p><p><span class=\"s1\">\u2013 No devolveremos el importe de art\u00edculos da\u00f1ados o rotos que no sean por defecto de fabricaci\u00f3n.<\/span><\/p>\t\t\t\t\t\t\t\t<\/div>\n\t\t\t\t<\/div>\n\t\t\t\t<div class=\"elementor-element elementor-element-bc3de0f elementor-widget elementor-widget-text-editor\" data-id=\"bc3de0f\" data-element_type=\"widget\" data-e-type=\"widget\" data-widget_type=\"text-editor.default\">\n\t\t\t\t<div class=\"elementor-widget-container\">\n\t\t\t\t\t\t\t\t\t<p>CAMBIOS<\/p>\t\t\t\t\t\t\t\t<\/div>\n\t\t\t\t<\/div>\n\t\t\t\t<div class=\"elementor-element elementor-element-f69f5f0 elementor-widget elementor-widget-text-editor\" data-id=\"f69f5f0\" data-element_type=\"widget\" data-e-type=\"widget\" data-widget_type=\"text-editor.default\">\n\t\t\t\t<div class=\"elementor-widget-container\">\n\t\t\t\t\t\t\t\t\t<p class=\"p1\">NADA DEBAJO tiene una pol\u00edtica de cambio de 14 d\u00edas: tienes 14 d\u00edas desde el d\u00eda en que recibes tu pedido para envi\u00e1rnoslo de vuelta para un reembolso o cambio.<\/p><p class=\"p3\">El cliente asumir\u00e1 el coste del env\u00edo del producto a cambiar y NADA DEBAJO\u00a0enviar\u00e1 gratuitamente el nuevo producto.<\/p><p class=\"p3\">Procedimiento:<\/p><p><span class=\"s1\">\u2013 Env\u00eda un mail a info@nadadebajo.com informando del cambio. Indicando: n\u00famero de pedido y el motivo del cambio. Solo podemos hacer cambios del mismo articulo en diferentes tallas u otros art\u00edculos que tengan el mismo precio.<span class=\"Apple-converted-space\">\u00a0<\/span><\/span><\/p><p><span class=\"s1\">\u2013 Env\u00eda el producto con su packaging original, sus etiquetas y todos los accesorios a la direcci\u00f3n, indicando en su interior el n\u00famero de pedido:<\/span><\/p><p><span class=\"s1\">\u00a0 \u00a0NADA DEBAJO S.L.<span class=\"Apple-converted-space\"><br \/><\/span>\u00a0 \u00a0C\/ Roger de Lluria 91, 1\u00ba 2\u00aa<span class=\"Apple-converted-space\"><br \/><\/span>\u00a0 \u00a008009 Barcelona, Espa\u00f1a<\/span><\/p><p><span class=\"s1\">\u2013 Cuando recibamos el producto, revisaremos que est\u00e9 en buen estado y procederemos con el cambio.\u00a0<\/span><\/p><p class=\"p3\">En NADA DEBAJO somos exigentes con las cosas bien hechas, por lo que si alguna de las piezas se recibe rota o con alg\u00fan defecto de f\u00e1brica, por favor, contacta con nosotros en:\u00a0info@nadadebajo.com\u00a0y trataremos de solucionarlo.<\/p>\t\t\t\t\t\t\t\t<\/div>\n\t\t\t\t<\/div>\n\t\t\t\t<div class=\"elementor-element elementor-element-ff07b56 elementor-widget elementor-widget-text-editor\" data-id=\"ff07b56\" data-element_type=\"widget\" data-e-type=\"widget\" data-widget_type=\"text-editor.default\">\n\t\t\t\t<div class=\"elementor-widget-container\">\n\t\t\t\t\t\t\t\t\t<p>CUIDADO Y REPARACI\u00d3N<\/p>\t\t\t\t\t\t\t\t<\/div>\n\t\t\t\t<\/div>\n\t\t\t\t<div class=\"elementor-element elementor-element-b2a3437 elementor-widget elementor-widget-text-editor\" data-id=\"b2a3437\" data-element_type=\"widget\" data-e-type=\"widget\" data-widget_type=\"text-editor.default\">\n\t\t\t\t<div class=\"elementor-widget-container\">\n\t\t\t\t\t\t\t\t\t<p>Creemos que la ropa debe cuidarse para tenerla durante m\u00e1s tiempo. En My closet, podr\u00e1s encontrar consejos \u00fatiles sobre c\u00f3mo cuidar tu prenda. Si alguna vez necesitas reparar una prenda, NADA DEBAJO ofrece un servicio de reparaciones interno. Si necesitas ayuda puedes ponerte en contacto con nosotros en: info@nadadebajo.com o +34 606 633 928.<\/p>\t\t\t\t\t\t\t\t<\/div>\n\t\t\t\t<\/div>\n\t\t\t\t\t<\/div>\n\t\t<\/div>\n\t\t\t\t\t<\/div>\n\t\t<\/section>\n\t\t\t\t<\/div>\n\t\t","protected":false},"excerpt":{"rendered":"<p>DEVOLUCIONES NADA DEBAJO tiene una pol\u00edtica de devoluciones de 14 d\u00edas: tienes 14 d\u00edas desde el d\u00eda en que recibes tu pedido para envi\u00e1rnoslo de vuelta para un reembolso o cambio. NADA DEBAJO asumir\u00e1 los gastos de la devoluci\u00f3n. Procedimiento: \u2013 Env\u00eda un mail a info@nadadebajo.com informando de la devoluci\u00f3n, indicando: n\u00famero de pedido y [&hellip;]<\/p>\n","protected":false},"author":30,"featured_media":0,"parent":0,"menu_order":0,"comment_status":"closed","ping_status":"closed","template":"","meta":{"_acf_changed":false,"footnotes":""},"class_list":["post-3280","page","type-page","status-publish","hentry"],"acf":[],"yoast_head":"<!-- This site is optimized with the Yoast SEO plugin v27.3 - https:\/\/yoast.com\/product\/yoast-seo-wordpress\/ -->\n<title>DEVOLUCIONES Y CAMBIOS - NADA DEBAJO<\/title>\n<meta name=\"robots\" content=\"index, follow, max-snippet:-1, max-image-preview:large, max-video-preview:-1\" \/>\n<link rel=\"canonical\" href=\"https:\/\/nadadebajo.com\/es\/returns-exchanges\/\" \/>\n<meta property=\"og:locale\" content=\"es_ES\" \/>\n<meta property=\"og:type\" content=\"article\" \/>\n<meta property=\"og:title\" content=\"DEVOLUCIONES Y CAMBIOS - NADA DEBAJO\" \/>\n<meta property=\"og:description\" content=\"DEVOLUCIONES NADA DEBAJO tiene una pol\u00edtica de devoluciones de 14 d\u00edas: tienes 14 d\u00edas desde el d\u00eda en que recibes tu pedido para envi\u00e1rnoslo de vuelta para un reembolso o cambio. NADA DEBAJO asumir\u00e1 los gastos de la devoluci\u00f3n. Procedimiento: \u2013 Env\u00eda un mail a info@nadadebajo.com informando de la devoluci\u00f3n, indicando: n\u00famero de pedido y [&hellip;]\" \/>\n<meta property=\"og:url\" content=\"https:\/\/nadadebajo.com\/es\/returns-exchanges\/\" \/>\n<meta property=\"og:site_name\" content=\"NADA DEBAJO\" \/>\n<meta property=\"article:modified_time\" content=\"2023-04-14T13:04:01+00:00\" \/>\n<meta name=\"twitter:card\" content=\"summary_large_image\" \/>\n<meta name=\"twitter:label1\" content=\"Tiempo de lectura\" \/>\n\t<meta name=\"twitter:data1\" content=\"4 minutos\" \/>\n<script type=\"application\/ld+json\" class=\"yoast-schema-graph\">{\"@context\":\"https:\\\/\\\/schema.org\",\"@graph\":[{\"@type\":\"WebPage\",\"@id\":\"https:\\\/\\\/nadadebajo.com\\\/es\\\/returns-exchanges\\\/\",\"url\":\"https:\\\/\\\/nadadebajo.com\\\/es\\\/returns-exchanges\\\/\",\"name\":\"DEVOLUCIONES Y CAMBIOS - NADA DEBAJO\",\"isPartOf\":{\"@id\":\"https:\\\/\\\/nadadebajo.com\\\/es\\\/#website\"},\"datePublished\":\"2023-02-27T11:12:00+00:00\",\"dateModified\":\"2023-04-14T13:04:01+00:00\",\"inLanguage\":\"es\",\"potentialAction\":[{\"@type\":\"ReadAction\",\"target\":[\"https:\\\/\\\/nadadebajo.com\\\/es\\\/returns-exchanges\\\/\"]}]},{\"@type\":\"WebSite\",\"@id\":\"https:\\\/\\\/nadadebajo.com\\\/es\\\/#website\",\"url\":\"https:\\\/\\\/nadadebajo.com\\\/es\\\/\",\"name\":\"NADA DEBAJO\",\"description\":\"Buy less, live more.\",\"potentialAction\":[{\"@type\":\"SearchAction\",\"target\":{\"@type\":\"EntryPoint\",\"urlTemplate\":\"https:\\\/\\\/nadadebajo.com\\\/es\\\/?s={search_term_string}\"},\"query-input\":{\"@type\":\"PropertyValueSpecification\",\"valueRequired\":true,\"valueName\":\"search_term_string\"}}],\"inLanguage\":\"es\"}]}<\/script>\n<!-- \/ Yoast SEO plugin. -->","yoast_head_json":{"title":"DEVOLUCIONES Y CAMBIOS - NADA DEBAJO","robots":{"index":"index","follow":"follow","max-snippet":"max-snippet:-1","max-image-preview":"max-image-preview:large","max-video-preview":"max-video-preview:-1"},"canonical":"https:\/\/nadadebajo.com\/es\/returns-exchanges\/","og_locale":"es_ES","og_type":"article","og_title":"DEVOLUCIONES Y CAMBIOS - NADA DEBAJO","og_description":"DEVOLUCIONES NADA DEBAJO tiene una pol\u00edtica de devoluciones de 14 d\u00edas: tienes 14 d\u00edas desde el d\u00eda en que recibes tu pedido para envi\u00e1rnoslo de vuelta para un reembolso o cambio. NADA DEBAJO asumir\u00e1 los gastos de la devoluci\u00f3n. Procedimiento: \u2013 Env\u00eda un mail a info@nadadebajo.com informando de la devoluci\u00f3n, indicando: n\u00famero de pedido y [&hellip;]","og_url":"https:\/\/nadadebajo.com\/es\/returns-exchanges\/","og_site_name":"NADA DEBAJO","article_modified_time":"2023-04-14T13:04:01+00:00","twitter_card":"summary_large_image","twitter_misc":{"Tiempo de lectura":"4 minutos"},"schema":{"@context":"https:\/\/schema.org","@graph":[{"@type":"WebPage","@id":"https:\/\/nadadebajo.com\/es\/returns-exchanges\/","url":"https:\/\/nadadebajo.com\/es\/returns-exchanges\/","name":"DEVOLUCIONES Y CAMBIOS - NADA DEBAJO","isPartOf":{"@id":"https:\/\/nadadebajo.com\/es\/#website"},"datePublished":"2023-02-27T11:12:00+00:00","dateModified":"2023-04-14T13:04:01+00:00","inLanguage":"es","potentialAction":[{"@type":"ReadAction","target":["https:\/\/nadadebajo.com\/es\/returns-exchanges\/"]}]},{"@type":"WebSite","@id":"https:\/\/nadadebajo.com\/es\/#website","url":"https:\/\/nadadebajo.com\/es\/","name":"NADA DEBAJO","description":"Buy less, live more.","potentialAction":[{"@type":"SearchAction","target":{"@type":"EntryPoint","urlTemplate":"https:\/\/nadadebajo.com\/es\/?s={search_term_string}"},"query-input":{"@type":"PropertyValueSpecification","valueRequired":true,"valueName":"search_term_string"}}],"inLanguage":"es"}]}},"_links":{"self":[{"href":"https:\/\/nadadebajo.com\/es\/wp-json\/wp\/v2\/pages\/3280","targetHints":{"allow":["GET"]}}],"collection":[{"href":"https:\/\/nadadebajo.com\/es\/wp-json\/wp\/v2\/pages"}],"about":[{"href":"https:\/\/nadadebajo.com\/es\/wp-json\/wp\/v2\/types\/page"}],"author":[{"embeddable":true,"href":"https:\/\/nadadebajo.com\/es\/wp-json\/wp\/v2\/users\/30"}],"replies":[{"embeddable":true,"href":"https:\/\/nadadebajo.com\/es\/wp-json\/wp\/v2\/comments?post=3280"}],"version-history":[{"count":8,"href":"https:\/\/nadadebajo.com\/es\/wp-json\/wp\/v2\/pages\/3280\/revisions"}],"predecessor-version":[{"id":3370,"href":"https:\/\/nadadebajo.com\/es\/wp-json\/wp\/v2\/pages\/3280\/revisions\/3370"}],"wp:attachment":[{"href":"https:\/\/nadadebajo.com\/es\/wp-json\/wp\/v2\/media?parent=3280"}],"curies":[{"name":"wp","href":"https:\/\/api.w.org\/{rel}","templated":true}]}}