{"id":3283,"date":"2023-02-27T12:29:33","date_gmt":"2023-02-27T11:29:33","guid":{"rendered":"https:\/\/nadadebajo.com\/delivery-shipping-2\/"},"modified":"2023-04-18T15:40:58","modified_gmt":"2023-04-18T13:40:58","slug":"delivery-shipping-2","status":"publish","type":"page","link":"https:\/\/nadadebajo.com\/es\/delivery-shipping-2\/","title":{"rendered":"ENTREGAS Y ENVIOS"},"content":{"rendered":"\t\t<div data-elementor-type=\"wp-page\" data-elementor-id=\"3283\" class=\"elementor elementor-3283 elementor-2721\" data-elementor-post-type=\"page\">\n\t\t\t\t\t\t<section class=\"elementor-section elementor-top-section elementor-element elementor-element-41b41aab elementor-hidden-mobile elementor-section-boxed elementor-section-height-default elementor-section-height-default\" data-id=\"41b41aab\" data-element_type=\"section\" data-e-type=\"section\">\n\t\t\t\t\t\t<div class=\"elementor-container elementor-column-gap-extended\">\n\t\t\t\t\t<div class=\"elementor-column elementor-col-100 elementor-top-column elementor-element elementor-element-1300cb7d\" data-id=\"1300cb7d\" data-element_type=\"column\" data-e-type=\"column\">\n\t\t\t<div class=\"elementor-widget-wrap elementor-element-populated\">\n\t\t\t\t\t\t<div class=\"elementor-element elementor-element-e1b6a02 elementor-widget elementor-widget-spacer\" data-id=\"e1b6a02\" data-element_type=\"widget\" data-e-type=\"widget\" data-widget_type=\"spacer.default\">\n\t\t\t\t<div class=\"elementor-widget-container\">\n\t\t\t\t\t\t\t<div class=\"elementor-spacer\">\n\t\t\t<div class=\"elementor-spacer-inner\"><\/div>\n\t\t<\/div>\n\t\t\t\t\t\t<\/div>\n\t\t\t\t<\/div>\n\t\t\t\t<div class=\"elementor-element elementor-element-662ef6d3 elementor-widget elementor-widget-text-editor\" data-id=\"662ef6d3\" data-element_type=\"widget\" data-e-type=\"widget\" data-widget_type=\"text-editor.default\">\n\t\t\t\t<div class=\"elementor-widget-container\">\n\t\t\t\t\t\t\t\t\t<p>ENTREGA Y ENV\u00cdO<\/p>\t\t\t\t\t\t\t\t<\/div>\n\t\t\t\t<\/div>\n\t\t\t\t<div class=\"elementor-element elementor-element-edbec94 elementor-widget elementor-widget-text-editor\" data-id=\"edbec94\" data-element_type=\"widget\" data-e-type=\"widget\" data-widget_type=\"text-editor.default\">\n\t\t\t\t<div class=\"elementor-widget-container\">\n\t\t\t\t\t\t\t\t\t<p>ENV\u00cdO<\/p>\t\t\t\t\t\t\t\t<\/div>\n\t\t\t\t<\/div>\n\t\t\t\t<div class=\"elementor-element elementor-element-652b4250 elementor-widget elementor-widget-text-editor\" data-id=\"652b4250\" data-element_type=\"widget\" data-e-type=\"widget\" data-widget_type=\"text-editor.default\">\n\t\t\t\t<div class=\"elementor-widget-container\">\n\t\t\t\t\t\t\t\t\t<p class=\"p1\">NADA DEBAJO procesar\u00e1 el pedido una vez realizada y confirmada la transacci\u00f3n. Enviamos de lunes a viernes, excluyendo los d\u00edas festivos. Todos los pedidos procesados antes de las 13h ser\u00e1n enviados el mismo d\u00eda. Si se realiza durante fin de semana o d\u00eda festivos, se enviar\u00e1 el siguiente d\u00eda h\u00e1bil. Una vez realizado el pedido, se enviar\u00e1 un correo electr\u00f3nico para confirmar la compra. Una vez enviado el pedido, recibir\u00e1 un correo electr\u00f3nico con el n\u00famero de seguimiento del env\u00edo. Si tienes problemas con el pedido, ponte en contacto con nosotros en: info@nadadebajo.com o +34 606 633 928<\/p>\t\t\t\t\t\t\t\t<\/div>\n\t\t\t\t<\/div>\n\t\t\t\t<div class=\"elementor-element elementor-element-526a8761 elementor-widget elementor-widget-text-editor\" data-id=\"526a8761\" data-element_type=\"widget\" data-e-type=\"widget\" data-widget_type=\"text-editor.default\">\n\t\t\t\t<div class=\"elementor-widget-container\">\n\t\t\t\t\t\t\t\t\t<p class=\"p1\">GASTOS DE ENV\u00cdO<\/p>\t\t\t\t\t\t\t\t<\/div>\n\t\t\t\t<\/div>\n\t\t\t\t<div class=\"elementor-element elementor-element-773f1c6b elementor-widget elementor-widget-text-editor\" data-id=\"773f1c6b\" data-element_type=\"widget\" data-e-type=\"widget\" data-widget_type=\"text-editor.default\">\n\t\t\t\t<div class=\"elementor-widget-container\">\n\t\t\t\t\t\t\t\t\t<p>Los gastos de env\u00edo ser\u00e1n calculados autom\u00e1ticamente y detallados en el momento de la confirmaci\u00f3n de la compra para que sea aprobado por el cliente antes de confirmar el pago.<\/p><p>Todos los pedidos tienen el 21% de impuestos aplicados. Los env\u00edos internacionales pueden estar sujetos a aranceles e impuestos, que son responsabilidad del cliente. La empresa de envi\u00f3 puede ponerse en contacto con usted una vez que sus art\u00edculos est\u00e1n en la aduana para informar del coste.<\/p><p>Enviamos a todo el mundo, si no encuentras tu pa\u00eds en la lista puedes ver los gastos de env\u00edo directamente en el proceso de compra.<\/p><p>\u00a0<\/p>\t\t\t\t\t\t\t\t<\/div>\n\t\t\t\t<\/div>\n\t\t\t\t<div class=\"elementor-element elementor-element-7c8b142 elementor-widget elementor-widget-image\" data-id=\"7c8b142\" data-element_type=\"widget\" data-e-type=\"widget\" data-widget_type=\"image.default\">\n\t\t\t\t<div class=\"elementor-widget-container\">\n\t\t\t\t\t\t\t\t\t\t\t\t\t\t\t<img fetchpriority=\"high\" decoding=\"async\" width=\"1024\" height=\"571\" src=\"https:\/\/nadadebajo.com\/wp-content\/uploads\/2023\/04\/TABLA-ENVIOS_v2_Mesa-de-trabajo-1-copia-2-1024x571.jpg\" class=\"attachment-large size-large wp-image-3457\" alt=\"\" srcset=\"https:\/\/nadadebajo.com\/wp-content\/uploads\/2023\/04\/TABLA-ENVIOS_v2_Mesa-de-trabajo-1-copia-2-1024x571.jpg 1024w, https:\/\/nadadebajo.com\/wp-content\/uploads\/2023\/04\/TABLA-ENVIOS_v2_Mesa-de-trabajo-1-copia-2-1000x558.jpg 1000w, https:\/\/nadadebajo.com\/wp-content\/uploads\/2023\/04\/TABLA-ENVIOS_v2_Mesa-de-trabajo-1-copia-2-300x167.jpg 300w, https:\/\/nadadebajo.com\/wp-content\/uploads\/2023\/04\/TABLA-ENVIOS_v2_Mesa-de-trabajo-1-copia-2-768x429.jpg 768w, https:\/\/nadadebajo.com\/wp-content\/uploads\/2023\/04\/TABLA-ENVIOS_v2_Mesa-de-trabajo-1-copia-2-1536x857.jpg 1536w, https:\/\/nadadebajo.com\/wp-content\/uploads\/2023\/04\/TABLA-ENVIOS_v2_Mesa-de-trabajo-1-copia-2-2048x1143.jpg 2048w\" sizes=\"(max-width: 1024px) 100vw, 1024px\" \/>\t\t\t\t\t\t\t\t\t\t\t\t\t\t\t<\/div>\n\t\t\t\t<\/div>\n\t\t\t\t<div class=\"elementor-element elementor-element-682faab elementor-widget elementor-widget-spacer\" data-id=\"682faab\" data-element_type=\"widget\" data-e-type=\"widget\" data-widget_type=\"spacer.default\">\n\t\t\t\t<div class=\"elementor-widget-container\">\n\t\t\t\t\t\t\t<div class=\"elementor-spacer\">\n\t\t\t<div class=\"elementor-spacer-inner\"><\/div>\n\t\t<\/div>\n\t\t\t\t\t\t<\/div>\n\t\t\t\t<\/div>\n\t\t\t\t<div class=\"elementor-element elementor-element-30f613ca elementor-widget elementor-widget-text-editor\" data-id=\"30f613ca\" data-element_type=\"widget\" data-e-type=\"widget\" data-widget_type=\"text-editor.default\">\n\t\t\t\t<div class=\"elementor-widget-container\">\n\t\t\t\t\t\t\t\t\t<p class=\"p1\">TASAS<\/p>\t\t\t\t\t\t\t\t<\/div>\n\t\t\t\t<\/div>\n\t\t\t\t<div class=\"elementor-element elementor-element-4ed1e684 elementor-widget elementor-widget-text-editor\" data-id=\"4ed1e684\" data-element_type=\"widget\" data-e-type=\"widget\" data-widget_type=\"text-editor.default\">\n\t\t\t\t<div class=\"elementor-widget-container\">\n\t\t\t\t\t\t\t\t\t<p class=\"p1\">Si has realizado un pedido para ser entregado fuera de la Uni\u00f3n Europea, ten en cuenta que las tasas de aduana y los impuestos de importaci\u00f3n se imponen una vez que el paquete llega al pa\u00eds. Como el pedido ser\u00e1 retenido por la aduana, es posible que se pida que pague estas tasas e impuestos. Estas tasas deben ser pagadas por el cliente para poder recibir el paquete.<\/p><p class=\"p1\">Importante: En caso de que se niegue a pagar los impuestos de importaci\u00f3n y recibamos su paquete de vuelta, tendremos que pagarlos y se retirar\u00e1 de su reembolso. Si tiene problemas con su pedido, p\u00f3ngase en contacto con nosotros en: info@nadadebajo.com o +34 606 633 928<\/p>\t\t\t\t\t\t\t\t<\/div>\n\t\t\t\t<\/div>\n\t\t\t\t\t<\/div>\n\t\t<\/div>\n\t\t\t\t\t<\/div>\n\t\t<\/section>\n\t\t\t\t<section class=\"elementor-section elementor-top-section elementor-element elementor-element-e13081f elementor-hidden-desktop elementor-hidden-tablet elementor-section-boxed elementor-section-height-default elementor-section-height-default\" data-id=\"e13081f\" data-element_type=\"section\" data-e-type=\"section\">\n\t\t\t\t\t\t<div class=\"elementor-container elementor-column-gap-extended\">\n\t\t\t\t\t<div class=\"elementor-column elementor-col-100 elementor-top-column elementor-element elementor-element-9de34fc\" data-id=\"9de34fc\" data-element_type=\"column\" data-e-type=\"column\">\n\t\t\t<div class=\"elementor-widget-wrap elementor-element-populated\">\n\t\t\t\t\t\t<div class=\"elementor-element elementor-element-cca15b6 elementor-widget elementor-widget-text-editor\" data-id=\"cca15b6\" data-element_type=\"widget\" data-e-type=\"widget\" data-widget_type=\"text-editor.default\">\n\t\t\t\t<div class=\"elementor-widget-container\">\n\t\t\t\t\t\t\t\t\t<p>ENTREGA Y ENV\u00cdO<\/p>\t\t\t\t\t\t\t\t<\/div>\n\t\t\t\t<\/div>\n\t\t\t\t<div class=\"elementor-element elementor-element-68c58c7 elementor-widget elementor-widget-text-editor\" data-id=\"68c58c7\" data-element_type=\"widget\" data-e-type=\"widget\" data-widget_type=\"text-editor.default\">\n\t\t\t\t<div class=\"elementor-widget-container\">\n\t\t\t\t\t\t\t\t\t<p class=\"p1\">ENV\u00cdO<\/p>\t\t\t\t\t\t\t\t<\/div>\n\t\t\t\t<\/div>\n\t\t\t\t<div class=\"elementor-element elementor-element-2016210 elementor-widget elementor-widget-text-editor\" data-id=\"2016210\" data-element_type=\"widget\" data-e-type=\"widget\" data-widget_type=\"text-editor.default\">\n\t\t\t\t<div class=\"elementor-widget-container\">\n\t\t\t\t\t\t\t\t\t<p class=\"p1\">NADA DEBAJO procesar\u00e1 el pedido una vez realizada y confirmada la transacci\u00f3n. Enviamos de lunes a viernes, excluyendo los d\u00edas festivos. Todos los pedidos procesados antes de las 13h ser\u00e1n enviados el mismo d\u00eda. Si se realiza durante fin de semana o d\u00eda festivos, se enviar\u00e1 el siguiente d\u00eda h\u00e1bil. Una vez realizado el pedido, se enviar\u00e1 un correo electr\u00f3nico para confirmar la compra. Una vez enviado el pedido, recibir\u00e1 un correo electr\u00f3nico con el n\u00famero de seguimiento del env\u00edo. Si tienes problemas con el pedido, ponte en contacto con nosotros en: info@nadadebajo.com o +34 606 633 928<\/p>\t\t\t\t\t\t\t\t<\/div>\n\t\t\t\t<\/div>\n\t\t\t\t<div class=\"elementor-element elementor-element-ab505fc elementor-widget elementor-widget-text-editor\" data-id=\"ab505fc\" data-element_type=\"widget\" data-e-type=\"widget\" data-widget_type=\"text-editor.default\">\n\t\t\t\t<div class=\"elementor-widget-container\">\n\t\t\t\t\t\t\t\t\t<p class=\"p1\">GASTOS DE ENV\u00cdO<\/p>\t\t\t\t\t\t\t\t<\/div>\n\t\t\t\t<\/div>\n\t\t\t\t<div class=\"elementor-element elementor-element-6661d3d elementor-widget elementor-widget-text-editor\" data-id=\"6661d3d\" data-element_type=\"widget\" data-e-type=\"widget\" data-widget_type=\"text-editor.default\">\n\t\t\t\t<div class=\"elementor-widget-container\">\n\t\t\t\t\t\t\t\t\t<p class=\"p1\">Los gastos de env\u00edo ser\u00e1n calculados autom\u00e1ticamente y detallados en el momento de la confirmaci\u00f3n de la compra para que sea aprobado por el cliente antes de confirmar el pago.<\/p><p class=\"p1\">Todos los pedidos tienen el 21% de impuestos aplicados. Los env\u00edos internacionales pueden estar sujetos a aranceles e impuestos, que son responsabilidad del cliente. La empresa de envi\u00f3 puede ponerse en contacto con usted una vez que sus art\u00edculos est\u00e1n en la aduana para informar del coste.<\/p><p>Enviamos a todo el mundo, si no encuentras tu pa\u00eds en la lista puedes ver los gastos de env\u00edo directamente en el proceso de compra.<\/p>\t\t\t\t\t\t\t\t<\/div>\n\t\t\t\t<\/div>\n\t\t\t\t<div class=\"elementor-element elementor-element-1a8b49a elementor-widget elementor-widget-image\" data-id=\"1a8b49a\" data-element_type=\"widget\" data-e-type=\"widget\" data-widget_type=\"image.default\">\n\t\t\t\t<div class=\"elementor-widget-container\">\n\t\t\t\t\t\t\t\t\t\t\t\t\t\t\t<img fetchpriority=\"high\" decoding=\"async\" width=\"1024\" height=\"571\" src=\"https:\/\/nadadebajo.com\/wp-content\/uploads\/2023\/04\/TABLA-ENVIOS_v2_Mesa-de-trabajo-1-copia-2-1024x571.jpg\" class=\"attachment-large size-large wp-image-3457\" alt=\"\" srcset=\"https:\/\/nadadebajo.com\/wp-content\/uploads\/2023\/04\/TABLA-ENVIOS_v2_Mesa-de-trabajo-1-copia-2-1024x571.jpg 1024w, https:\/\/nadadebajo.com\/wp-content\/uploads\/2023\/04\/TABLA-ENVIOS_v2_Mesa-de-trabajo-1-copia-2-1000x558.jpg 1000w, https:\/\/nadadebajo.com\/wp-content\/uploads\/2023\/04\/TABLA-ENVIOS_v2_Mesa-de-trabajo-1-copia-2-300x167.jpg 300w, https:\/\/nadadebajo.com\/wp-content\/uploads\/2023\/04\/TABLA-ENVIOS_v2_Mesa-de-trabajo-1-copia-2-768x429.jpg 768w, https:\/\/nadadebajo.com\/wp-content\/uploads\/2023\/04\/TABLA-ENVIOS_v2_Mesa-de-trabajo-1-copia-2-1536x857.jpg 1536w, https:\/\/nadadebajo.com\/wp-content\/uploads\/2023\/04\/TABLA-ENVIOS_v2_Mesa-de-trabajo-1-copia-2-2048x1143.jpg 2048w\" sizes=\"(max-width: 1024px) 100vw, 1024px\" \/>\t\t\t\t\t\t\t\t\t\t\t\t\t\t\t<\/div>\n\t\t\t\t<\/div>\n\t\t\t\t<div class=\"elementor-element elementor-element-ebaa472 elementor-widget elementor-widget-spacer\" data-id=\"ebaa472\" data-element_type=\"widget\" data-e-type=\"widget\" data-widget_type=\"spacer.default\">\n\t\t\t\t<div class=\"elementor-widget-container\">\n\t\t\t\t\t\t\t<div class=\"elementor-spacer\">\n\t\t\t<div class=\"elementor-spacer-inner\"><\/div>\n\t\t<\/div>\n\t\t\t\t\t\t<\/div>\n\t\t\t\t<\/div>\n\t\t\t\t<div class=\"elementor-element elementor-element-ef36b43 elementor-widget elementor-widget-text-editor\" data-id=\"ef36b43\" data-element_type=\"widget\" data-e-type=\"widget\" data-widget_type=\"text-editor.default\">\n\t\t\t\t<div class=\"elementor-widget-container\">\n\t\t\t\t\t\t\t\t\t<p class=\"p1\">TASAS<\/p>\t\t\t\t\t\t\t\t<\/div>\n\t\t\t\t<\/div>\n\t\t\t\t<div class=\"elementor-element elementor-element-88589f1 elementor-widget elementor-widget-text-editor\" data-id=\"88589f1\" data-element_type=\"widget\" data-e-type=\"widget\" data-widget_type=\"text-editor.default\">\n\t\t\t\t<div class=\"elementor-widget-container\">\n\t\t\t\t\t\t\t\t\t<p class=\"p1\">Si has realizado un pedido para ser entregado fuera de la Uni\u00f3n Europea, ten en cuenta que las tasas de aduana y los impuestos de importaci\u00f3n se imponen una vez que el paquete llega al pa\u00eds. Como el pedido ser\u00e1 retenido por la aduana, es posible que se pida que pague estas tasas e impuestos. Estas tasas deben ser pagadas por el cliente para poder recibir el paquete.<\/p><p class=\"p1\">Importante: En caso de que se niegue a pagar los impuestos de importaci\u00f3n y recibamos su paquete de vuelta, tendremos que pagarlos y se retirar\u00e1 de su reembolso. Si tiene problemas con su pedido, p\u00f3ngase en contacto con nosotros en: info@nadadebajo.com o +34 606 633 928<\/p>\t\t\t\t\t\t\t\t<\/div>\n\t\t\t\t<\/div>\n\t\t\t\t\t<\/div>\n\t\t<\/div>\n\t\t\t\t\t<\/div>\n\t\t<\/section>\n\t\t\t\t<\/div>\n\t\t","protected":false},"excerpt":{"rendered":"<p>ENTREGA Y ENV\u00cdO ENV\u00cdO NADA DEBAJO procesar\u00e1 el pedido una vez realizada y confirmada la transacci\u00f3n. Enviamos de lunes a viernes, excluyendo los d\u00edas festivos. Todos los pedidos procesados antes de las 13h ser\u00e1n enviados el mismo d\u00eda. Si se realiza durante fin de semana o d\u00eda festivos, se enviar\u00e1 el siguiente d\u00eda h\u00e1bil. Una [&hellip;]<\/p>\n","protected":false},"author":30,"featured_media":0,"parent":0,"menu_order":0,"comment_status":"closed","ping_status":"closed","template":"","meta":{"_acf_changed":false,"footnotes":""},"class_list":["post-3283","page","type-page","status-publish","hentry"],"acf":[],"yoast_head":"<!-- This site is optimized with the Yoast SEO plugin v27.3 - https:\/\/yoast.com\/product\/yoast-seo-wordpress\/ -->\n<title>ENTREGAS Y ENVIOS - NADA DEBAJO<\/title>\n<meta name=\"robots\" content=\"index, follow, max-snippet:-1, max-image-preview:large, max-video-preview:-1\" \/>\n<link rel=\"canonical\" href=\"https:\/\/nadadebajo.com\/es\/delivery-shipping-2\/\" \/>\n<meta property=\"og:locale\" content=\"es_ES\" \/>\n<meta property=\"og:type\" content=\"article\" \/>\n<meta property=\"og:title\" content=\"ENTREGAS Y ENVIOS - NADA DEBAJO\" \/>\n<meta property=\"og:description\" content=\"ENTREGA Y ENV\u00cdO ENV\u00cdO NADA DEBAJO procesar\u00e1 el pedido una vez realizada y confirmada la transacci\u00f3n. Enviamos de lunes a viernes, excluyendo los d\u00edas festivos. Todos los pedidos procesados antes de las 13h ser\u00e1n enviados el mismo d\u00eda. Si se realiza durante fin de semana o d\u00eda festivos, se enviar\u00e1 el siguiente d\u00eda h\u00e1bil. Una [&hellip;]\" \/>\n<meta property=\"og:url\" content=\"https:\/\/nadadebajo.com\/es\/delivery-shipping-2\/\" \/>\n<meta property=\"og:site_name\" content=\"NADA DEBAJO\" \/>\n<meta property=\"article:modified_time\" content=\"2023-04-18T13:40:58+00:00\" \/>\n<meta property=\"og:image\" content=\"https:\/\/nadadebajo.com\/wp-content\/uploads\/2023\/04\/TABLA-ENVIOS_v2_Mesa-de-trabajo-1-copia-2-1024x571.jpg\" \/>\n<meta name=\"twitter:card\" content=\"summary_large_image\" \/>\n<meta name=\"twitter:label1\" content=\"Tiempo de lectura\" \/>\n\t<meta name=\"twitter:data1\" content=\"4 minutos\" \/>\n<script type=\"application\/ld+json\" class=\"yoast-schema-graph\">{\"@context\":\"https:\\\/\\\/schema.org\",\"@graph\":[{\"@type\":\"WebPage\",\"@id\":\"https:\\\/\\\/nadadebajo.com\\\/es\\\/delivery-shipping-2\\\/\",\"url\":\"https:\\\/\\\/nadadebajo.com\\\/es\\\/delivery-shipping-2\\\/\",\"name\":\"ENTREGAS Y ENVIOS - NADA DEBAJO\",\"isPartOf\":{\"@id\":\"https:\\\/\\\/nadadebajo.com\\\/es\\\/#website\"},\"primaryImageOfPage\":{\"@id\":\"https:\\\/\\\/nadadebajo.com\\\/es\\\/delivery-shipping-2\\\/#primaryimage\"},\"image\":{\"@id\":\"https:\\\/\\\/nadadebajo.com\\\/es\\\/delivery-shipping-2\\\/#primaryimage\"},\"thumbnailUrl\":\"https:\\\/\\\/nadadebajo.com\\\/wp-content\\\/uploads\\\/2023\\\/04\\\/TABLA-ENVIOS_v2_Mesa-de-trabajo-1-copia-2-1024x571.jpg\",\"datePublished\":\"2023-02-27T11:29:33+00:00\",\"dateModified\":\"2023-04-18T13:40:58+00:00\",\"inLanguage\":\"es\",\"potentialAction\":[{\"@type\":\"ReadAction\",\"target\":[\"https:\\\/\\\/nadadebajo.com\\\/es\\\/delivery-shipping-2\\\/\"]}]},{\"@type\":\"ImageObject\",\"inLanguage\":\"es\",\"@id\":\"https:\\\/\\\/nadadebajo.com\\\/es\\\/delivery-shipping-2\\\/#primaryimage\",\"url\":\"https:\\\/\\\/nadadebajo.com\\\/wp-content\\\/uploads\\\/2023\\\/04\\\/TABLA-ENVIOS_v2_Mesa-de-trabajo-1-copia-2-1024x571.jpg\",\"contentUrl\":\"https:\\\/\\\/nadadebajo.com\\\/wp-content\\\/uploads\\\/2023\\\/04\\\/TABLA-ENVIOS_v2_Mesa-de-trabajo-1-copia-2-1024x571.jpg\"},{\"@type\":\"WebSite\",\"@id\":\"https:\\\/\\\/nadadebajo.com\\\/es\\\/#website\",\"url\":\"https:\\\/\\\/nadadebajo.com\\\/es\\\/\",\"name\":\"NADA DEBAJO\",\"description\":\"Buy less, live more.\",\"potentialAction\":[{\"@type\":\"SearchAction\",\"target\":{\"@type\":\"EntryPoint\",\"urlTemplate\":\"https:\\\/\\\/nadadebajo.com\\\/es\\\/?s={search_term_string}\"},\"query-input\":{\"@type\":\"PropertyValueSpecification\",\"valueRequired\":true,\"valueName\":\"search_term_string\"}}],\"inLanguage\":\"es\"}]}<\/script>\n<!-- \/ Yoast SEO plugin. -->","yoast_head_json":{"title":"ENTREGAS Y ENVIOS - NADA DEBAJO","robots":{"index":"index","follow":"follow","max-snippet":"max-snippet:-1","max-image-preview":"max-image-preview:large","max-video-preview":"max-video-preview:-1"},"canonical":"https:\/\/nadadebajo.com\/es\/delivery-shipping-2\/","og_locale":"es_ES","og_type":"article","og_title":"ENTREGAS Y ENVIOS - NADA DEBAJO","og_description":"ENTREGA Y ENV\u00cdO ENV\u00cdO NADA DEBAJO procesar\u00e1 el pedido una vez realizada y confirmada la transacci\u00f3n. Enviamos de lunes a viernes, excluyendo los d\u00edas festivos. Todos los pedidos procesados antes de las 13h ser\u00e1n enviados el mismo d\u00eda. Si se realiza durante fin de semana o d\u00eda festivos, se enviar\u00e1 el siguiente d\u00eda h\u00e1bil. Una [&hellip;]","og_url":"https:\/\/nadadebajo.com\/es\/delivery-shipping-2\/","og_site_name":"NADA DEBAJO","article_modified_time":"2023-04-18T13:40:58+00:00","og_image":[{"url":"https:\/\/nadadebajo.com\/wp-content\/uploads\/2023\/04\/TABLA-ENVIOS_v2_Mesa-de-trabajo-1-copia-2-1024x571.jpg","type":"","width":"","height":""}],"twitter_card":"summary_large_image","twitter_misc":{"Tiempo de lectura":"4 minutos"},"schema":{"@context":"https:\/\/schema.org","@graph":[{"@type":"WebPage","@id":"https:\/\/nadadebajo.com\/es\/delivery-shipping-2\/","url":"https:\/\/nadadebajo.com\/es\/delivery-shipping-2\/","name":"ENTREGAS Y ENVIOS - NADA DEBAJO","isPartOf":{"@id":"https:\/\/nadadebajo.com\/es\/#website"},"primaryImageOfPage":{"@id":"https:\/\/nadadebajo.com\/es\/delivery-shipping-2\/#primaryimage"},"image":{"@id":"https:\/\/nadadebajo.com\/es\/delivery-shipping-2\/#primaryimage"},"thumbnailUrl":"https:\/\/nadadebajo.com\/wp-content\/uploads\/2023\/04\/TABLA-ENVIOS_v2_Mesa-de-trabajo-1-copia-2-1024x571.jpg","datePublished":"2023-02-27T11:29:33+00:00","dateModified":"2023-04-18T13:40:58+00:00","inLanguage":"es","potentialAction":[{"@type":"ReadAction","target":["https:\/\/nadadebajo.com\/es\/delivery-shipping-2\/"]}]},{"@type":"ImageObject","inLanguage":"es","@id":"https:\/\/nadadebajo.com\/es\/delivery-shipping-2\/#primaryimage","url":"https:\/\/nadadebajo.com\/wp-content\/uploads\/2023\/04\/TABLA-ENVIOS_v2_Mesa-de-trabajo-1-copia-2-1024x571.jpg","contentUrl":"https:\/\/nadadebajo.com\/wp-content\/uploads\/2023\/04\/TABLA-ENVIOS_v2_Mesa-de-trabajo-1-copia-2-1024x571.jpg"},{"@type":"WebSite","@id":"https:\/\/nadadebajo.com\/es\/#website","url":"https:\/\/nadadebajo.com\/es\/","name":"NADA DEBAJO","description":"Buy less, live more.","potentialAction":[{"@type":"SearchAction","target":{"@type":"EntryPoint","urlTemplate":"https:\/\/nadadebajo.com\/es\/?s={search_term_string}"},"query-input":{"@type":"PropertyValueSpecification","valueRequired":true,"valueName":"search_term_string"}}],"inLanguage":"es"}]}},"_links":{"self":[{"href":"https:\/\/nadadebajo.com\/es\/wp-json\/wp\/v2\/pages\/3283","targetHints":{"allow":["GET"]}}],"collection":[{"href":"https:\/\/nadadebajo.com\/es\/wp-json\/wp\/v2\/pages"}],"about":[{"href":"https:\/\/nadadebajo.com\/es\/wp-json\/wp\/v2\/types\/page"}],"author":[{"embeddable":true,"href":"https:\/\/nadadebajo.com\/es\/wp-json\/wp\/v2\/users\/30"}],"replies":[{"embeddable":true,"href":"https:\/\/nadadebajo.com\/es\/wp-json\/wp\/v2\/comments?post=3283"}],"version-history":[{"count":18,"href":"https:\/\/nadadebajo.com\/es\/wp-json\/wp\/v2\/pages\/3283\/revisions"}],"predecessor-version":[{"id":3461,"href":"https:\/\/nadadebajo.com\/es\/wp-json\/wp\/v2\/pages\/3283\/revisions\/3461"}],"wp:attachment":[{"href":"https:\/\/nadadebajo.com\/es\/wp-json\/wp\/v2\/media?parent=3283"}],"curies":[{"name":"wp","href":"https:\/\/api.w.org\/{rel}","templated":true}]}}