{"id":579,"date":"2021-04-06T11:02:19","date_gmt":"2021-04-06T11:02:19","guid":{"rendered":"https:\/\/nadadebajo.com\/philosophy\/"},"modified":"2022-12-20T18:27:58","modified_gmt":"2022-12-20T17:27:58","slug":"filosofia","status":"publish","type":"page","link":"https:\/\/nadadebajo.com\/es\/filosofia\/","title":{"rendered":"Filosofia"},"content":{"rendered":"<p>Dise\u00f1amos prendas atemporales, minimalistas y vers\u00e1tiles.<\/p>\n<p>Las l\u00edneas limpias y las formas minimalistas aportan la calma, la armon\u00eda y el equilibrio.<\/p>\n<p>Creamos piezas \u00fanicas y limitadas.<\/p>\n","protected":false},"excerpt":{"rendered":"<p>Dise\u00f1amos prendas atemporales, minimalistas y vers\u00e1tiles. Las l\u00edneas limpias y las formas minimalistas aportan la calma, la armon\u00eda y el equilibrio. Creamos piezas \u00fanicas y limitadas.<\/p>\n","protected":false},"author":1,"featured_media":1621,"parent":0,"menu_order":0,"comment_status":"closed","ping_status":"closed","template":"page-philosopy.php","meta":{"_acf_changed":false,"footnotes":""},"class_list":["post-579","page","type-page","status-publish","has-post-thumbnail","hentry"],"acf":[],"yoast_head":"<!-- This site is optimized with the Yoast SEO plugin v27.3 - https:\/\/yoast.com\/product\/yoast-seo-wordpress\/ -->\n<title>NADA DEBAJO | PHILOSOPHY<\/title>\n<meta name=\"description\" content=\"At NADA DEBAJO we design clothes that are timeless, minimalist and versatile. Clean lines and minimalist forms promote calm, harmony and balance. We create versatile pieces so that, over time, you reduce the clutter in your closet, and the stress out of dressing.\" \/>\n<meta name=\"robots\" content=\"index, follow, max-snippet:-1, max-image-preview:large, max-video-preview:-1\" \/>\n<link rel=\"canonical\" href=\"https:\/\/nadadebajo.com\/es\/filosofia\/\" \/>\n<meta property=\"og:locale\" content=\"es_ES\" \/>\n<meta property=\"og:type\" content=\"article\" \/>\n<meta property=\"og:title\" content=\"NADA DEBAJO | PHILOSOPHY\" \/>\n<meta property=\"og:description\" content=\"At NADA DEBAJO we design clothes that are timeless, minimalist and versatile. Clean lines and minimalist forms promote calm, harmony and balance. We create versatile pieces so that, over time, you reduce the clutter in your closet, and the stress out of dressing.\" \/>\n<meta property=\"og:url\" content=\"https:\/\/nadadebajo.com\/es\/filosofia\/\" \/>\n<meta property=\"og:site_name\" content=\"NADA DEBAJO\" \/>\n<meta property=\"article:modified_time\" content=\"2022-12-20T17:27:58+00:00\" \/>\n<meta property=\"og:image\" content=\"https:\/\/nadadebajo.com\/wp-content\/uploads\/2022\/06\/NADADEBAJO2270.png\" \/>\n\t<meta property=\"og:image:width\" content=\"1000\" \/>\n\t<meta property=\"og:image:height\" content=\"1500\" \/>\n\t<meta property=\"og:image:type\" content=\"image\/png\" \/>\n<meta name=\"twitter:card\" content=\"summary_large_image\" \/>\n<meta name=\"twitter:label1\" content=\"Tiempo de lectura\" \/>\n\t<meta name=\"twitter:data1\" content=\"1 minuto\" \/>\n<script type=\"application\/ld+json\" class=\"yoast-schema-graph\">{\"@context\":\"https:\\\/\\\/schema.org\",\"@graph\":[{\"@type\":\"WebPage\",\"@id\":\"https:\\\/\\\/nadadebajo.com\\\/es\\\/filosofia\\\/\",\"url\":\"https:\\\/\\\/nadadebajo.com\\\/es\\\/filosofia\\\/\",\"name\":\"NADA DEBAJO | PHILOSOPHY\",\"isPartOf\":{\"@id\":\"https:\\\/\\\/nadadebajo.com\\\/es\\\/#website\"},\"primaryImageOfPage\":{\"@id\":\"https:\\\/\\\/nadadebajo.com\\\/es\\\/filosofia\\\/#primaryimage\"},\"image\":{\"@id\":\"https:\\\/\\\/nadadebajo.com\\\/es\\\/filosofia\\\/#primaryimage\"},\"thumbnailUrl\":\"https:\\\/\\\/nadadebajo.com\\\/wp-content\\\/uploads\\\/2022\\\/06\\\/NADADEBAJO2270.png\",\"datePublished\":\"2021-04-06T11:02:19+00:00\",\"dateModified\":\"2022-12-20T17:27:58+00:00\",\"description\":\"At NADA DEBAJO we design clothes that are timeless, minimalist and versatile. Clean lines and minimalist forms promote calm, harmony and balance. We create versatile pieces so that, over time, you reduce the clutter in your closet, and the stress out of dressing.\",\"inLanguage\":\"es\",\"potentialAction\":[{\"@type\":\"ReadAction\",\"target\":[\"https:\\\/\\\/nadadebajo.com\\\/es\\\/filosofia\\\/\"]}]},{\"@type\":\"ImageObject\",\"inLanguage\":\"es\",\"@id\":\"https:\\\/\\\/nadadebajo.com\\\/es\\\/filosofia\\\/#primaryimage\",\"url\":\"https:\\\/\\\/nadadebajo.com\\\/wp-content\\\/uploads\\\/2022\\\/06\\\/NADADEBAJO2270.png\",\"contentUrl\":\"https:\\\/\\\/nadadebajo.com\\\/wp-content\\\/uploads\\\/2022\\\/06\\\/NADADEBAJO2270.png\",\"width\":1000,\"height\":1500},{\"@type\":\"WebSite\",\"@id\":\"https:\\\/\\\/nadadebajo.com\\\/es\\\/#website\",\"url\":\"https:\\\/\\\/nadadebajo.com\\\/es\\\/\",\"name\":\"NADA DEBAJO\",\"description\":\"Buy less, live more.\",\"potentialAction\":[{\"@type\":\"SearchAction\",\"target\":{\"@type\":\"EntryPoint\",\"urlTemplate\":\"https:\\\/\\\/nadadebajo.com\\\/es\\\/?s={search_term_string}\"},\"query-input\":{\"@type\":\"PropertyValueSpecification\",\"valueRequired\":true,\"valueName\":\"search_term_string\"}}],\"inLanguage\":\"es\"}]}<\/script>\n<!-- \/ Yoast SEO plugin. -->","yoast_head_json":{"title":"NADA DEBAJO | PHILOSOPHY","description":"At NADA DEBAJO we design clothes that are timeless, minimalist and versatile. Clean lines and minimalist forms promote calm, harmony and balance. We create versatile pieces so that, over time, you reduce the clutter in your closet, and the stress out of dressing.","robots":{"index":"index","follow":"follow","max-snippet":"max-snippet:-1","max-image-preview":"max-image-preview:large","max-video-preview":"max-video-preview:-1"},"canonical":"https:\/\/nadadebajo.com\/es\/filosofia\/","og_locale":"es_ES","og_type":"article","og_title":"NADA DEBAJO | PHILOSOPHY","og_description":"At NADA DEBAJO we design clothes that are timeless, minimalist and versatile. Clean lines and minimalist forms promote calm, harmony and balance. We create versatile pieces so that, over time, you reduce the clutter in your closet, and the stress out of dressing.","og_url":"https:\/\/nadadebajo.com\/es\/filosofia\/","og_site_name":"NADA DEBAJO","article_modified_time":"2022-12-20T17:27:58+00:00","og_image":[{"width":1000,"height":1500,"url":"https:\/\/nadadebajo.com\/wp-content\/uploads\/2022\/06\/NADADEBAJO2270.png","type":"image\/png"}],"twitter_card":"summary_large_image","twitter_misc":{"Tiempo de lectura":"1 minuto"},"schema":{"@context":"https:\/\/schema.org","@graph":[{"@type":"WebPage","@id":"https:\/\/nadadebajo.com\/es\/filosofia\/","url":"https:\/\/nadadebajo.com\/es\/filosofia\/","name":"NADA DEBAJO | PHILOSOPHY","isPartOf":{"@id":"https:\/\/nadadebajo.com\/es\/#website"},"primaryImageOfPage":{"@id":"https:\/\/nadadebajo.com\/es\/filosofia\/#primaryimage"},"image":{"@id":"https:\/\/nadadebajo.com\/es\/filosofia\/#primaryimage"},"thumbnailUrl":"https:\/\/nadadebajo.com\/wp-content\/uploads\/2022\/06\/NADADEBAJO2270.png","datePublished":"2021-04-06T11:02:19+00:00","dateModified":"2022-12-20T17:27:58+00:00","description":"At NADA DEBAJO we design clothes that are timeless, minimalist and versatile. Clean lines and minimalist forms promote calm, harmony and balance. We create versatile pieces so that, over time, you reduce the clutter in your closet, and the stress out of dressing.","inLanguage":"es","potentialAction":[{"@type":"ReadAction","target":["https:\/\/nadadebajo.com\/es\/filosofia\/"]}]},{"@type":"ImageObject","inLanguage":"es","@id":"https:\/\/nadadebajo.com\/es\/filosofia\/#primaryimage","url":"https:\/\/nadadebajo.com\/wp-content\/uploads\/2022\/06\/NADADEBAJO2270.png","contentUrl":"https:\/\/nadadebajo.com\/wp-content\/uploads\/2022\/06\/NADADEBAJO2270.png","width":1000,"height":1500},{"@type":"WebSite","@id":"https:\/\/nadadebajo.com\/es\/#website","url":"https:\/\/nadadebajo.com\/es\/","name":"NADA DEBAJO","description":"Buy less, live more.","potentialAction":[{"@type":"SearchAction","target":{"@type":"EntryPoint","urlTemplate":"https:\/\/nadadebajo.com\/es\/?s={search_term_string}"},"query-input":{"@type":"PropertyValueSpecification","valueRequired":true,"valueName":"search_term_string"}}],"inLanguage":"es"}]}},"_links":{"self":[{"href":"https:\/\/nadadebajo.com\/es\/wp-json\/wp\/v2\/pages\/579","targetHints":{"allow":["GET"]}}],"collection":[{"href":"https:\/\/nadadebajo.com\/es\/wp-json\/wp\/v2\/pages"}],"about":[{"href":"https:\/\/nadadebajo.com\/es\/wp-json\/wp\/v2\/types\/page"}],"author":[{"embeddable":true,"href":"https:\/\/nadadebajo.com\/es\/wp-json\/wp\/v2\/users\/1"}],"replies":[{"embeddable":true,"href":"https:\/\/nadadebajo.com\/es\/wp-json\/wp\/v2\/comments?post=579"}],"version-history":[{"count":11,"href":"https:\/\/nadadebajo.com\/es\/wp-json\/wp\/v2\/pages\/579\/revisions"}],"predecessor-version":[{"id":2306,"href":"https:\/\/nadadebajo.com\/es\/wp-json\/wp\/v2\/pages\/579\/revisions\/2306"}],"wp:featuredmedia":[{"embeddable":true,"href":"https:\/\/nadadebajo.com\/es\/wp-json\/wp\/v2\/media\/1621"}],"wp:attachment":[{"href":"https:\/\/nadadebajo.com\/es\/wp-json\/wp\/v2\/media?parent=579"}],"curies":[{"name":"wp","href":"https:\/\/api.w.org\/{rel}","templated":true}]}}