{"id":581,"date":"2021-04-06T08:42:05","date_gmt":"2021-04-06T08:42:05","guid":{"rendered":"https:\/\/nadadebajo.com\/privacy-policy\/"},"modified":"2023-04-14T15:02:48","modified_gmt":"2023-04-14T13:02:48","slug":"privacy-policy","status":"publish","type":"page","link":"https:\/\/nadadebajo.com\/es\/privacy-policy\/","title":{"rendered":"Pol\u00edtica de privacidad"},"content":{"rendered":"\t\t<div data-elementor-type=\"wp-page\" data-elementor-id=\"581\" class=\"elementor elementor-581 elementor-3\" data-elementor-post-type=\"page\">\n\t\t\t\t\t\t<section class=\"elementor-section elementor-top-section elementor-element elementor-element-16cbe276 elementor-section-boxed elementor-section-height-default elementor-section-height-default\" data-id=\"16cbe276\" data-element_type=\"section\" data-e-type=\"section\">\n\t\t\t\t\t\t<div class=\"elementor-container elementor-column-gap-default\">\n\t\t\t\t\t<div class=\"elementor-column elementor-col-100 elementor-top-column elementor-element elementor-element-30fbd4a0\" data-id=\"30fbd4a0\" data-element_type=\"column\" data-e-type=\"column\">\n\t\t\t<div class=\"elementor-widget-wrap elementor-element-populated\">\n\t\t\t\t\t\t<div class=\"elementor-element elementor-element-ab18e65 elementor-widget elementor-widget-spacer\" data-id=\"ab18e65\" data-element_type=\"widget\" data-e-type=\"widget\" data-widget_type=\"spacer.default\">\n\t\t\t\t<div class=\"elementor-widget-container\">\n\t\t\t\t\t\t\t<div class=\"elementor-spacer\">\n\t\t\t<div class=\"elementor-spacer-inner\"><\/div>\n\t\t<\/div>\n\t\t\t\t\t\t<\/div>\n\t\t\t\t<\/div>\n\t\t\t\t<div class=\"elementor-element elementor-element-3925d5fc elementor-widget elementor-widget-text-editor\" data-id=\"3925d5fc\" data-element_type=\"widget\" data-e-type=\"widget\" data-widget_type=\"text-editor.default\">\n\t\t\t\t<div class=\"elementor-widget-container\">\n\t\t\t\t\t\t\t\t\t<h6>POL\u00cdTICAS DE PRIVACIDAD<\/h6><h6>\u00a0<\/h6><h6>INFORMACI\u00d3N RECOPILADA<\/h6><p>Cuando realiza un pedido o crea una cuenta, recopilamos sus datos de identidad, incluyendo su nombre, apellido, idioma preferido, direcci\u00f3n, direcci\u00f3n de correo electr\u00f3nico y n\u00famero de tel\u00e9fono.<\/p><p>Al realizar una compra, tambi\u00e9n recopilamos informaci\u00f3n sobre el pago, incluyendo el m\u00e9todo de pago, los datos de la tarjeta de cr\u00e9dito o d\u00e9bito, la informaci\u00f3n relativa a las compras, las devoluciones y los pedidos, y los datos de facturaci\u00f3n. Por favor, lea nuestra pol\u00edtica relativa a los primeros pedidos. Tambi\u00e9n recopilamos datos de ubicaci\u00f3n, incluido el pa\u00eds desde el que accede a nuestro sitio web, cada vez que se conecta a su cuenta, navega por nuestro sitio o escanea un art\u00edculo de NADA DEBAJO.<\/p><p>Tenga en cuenta que cuando se le pida que nos proporcione su informaci\u00f3n personal, algunos campos estar\u00e1n marcados como obligatorios. Esto significa que esos campos son necesarios para prestar el servicio requerido por el cliente.<\/p><h6>C\u00d3MO SE RECOGE<\/h6><p>No recogemos sus datos personales sin su conocimiento. Esto significa que toda la informaci\u00f3n mencionada anteriormente se recoge a trav\u00e9s de formularios rellenados por el cliente, normalmente al comprar un art\u00edculo, o al registrarse en su cuenta.<\/p><p>En este caso, cuando usted realiza un pedido, completa una transacci\u00f3n, verifica su tarjeta de cr\u00e9dito o devuelve un art\u00edculo, debe proporcionarnos su informaci\u00f3n personal aceptando, por tanto, que se utilice para este motivo espec\u00edfico.<\/p><h6>\u00bfPOR QU\u00c9 LOS RECOGEMOS?<\/h6><p>La raz\u00f3n principal por la que recogemos sus datos es para ofrecerle una mejor experiencia y funcionalidad al utilizar nuestra web. Recogemos sus datos para poder ofrecerle los servicios que necesita, como navegar por nuestra web o comprar un art\u00edculo.<\/p><p>Tambi\u00e9n los utilizamos para el desarrollo y el rendimiento de nuestra web, lo que nos permite introducir mejoras mediante el an\u00e1lisis de la calidad de nuestros servicios. Tambi\u00e9n los recopilamos con fines de marketing, para poder ofrecerle recomendaciones m\u00e1s pertinentes y, por \u00faltimo, nos ayudan a gestionar su registro y su cuenta en nuestro sitio web con el fin de personalizar su experiencia.<\/p><h6>\u00bfC\u00d3MO PROTEGEMOS SUS DATOS?<\/h6><p>Para proteger sus datos, aplicamos las siguientes medidas:<\/p><p>&#8211; Restringir y controlar el acceso a los datos sensibles<br \/>&#8211; Disponer de procedimientos transparentes de recogida de datos<br \/>&#8211; Incluir cl\u00e1usulas contractuales y comunicar c\u00f3mo tratamos los datos<br \/>&#8211; Disponer de pr\u00e1cticas de protecci\u00f3n de datos<br \/>&#8211; Proteger con contrase\u00f1a cualquier archivo que contenga datos de cliente<\/p><h6>\u00bfCU\u00c1LES SON SUS DERECHOS?<\/h6><p>Nos comprometemos a mantener la confidencialidad de sus datos personales y a garantizar que pueda ejercer sus derechos. Estos son:<\/p><p>&#8211; Solicitar el acceso a sus datos personales.<br \/>&#8211; Solicitar la rectificaci\u00f3n de sus datos personales. Al facilitarnos sus datos, usted garantiza que son ciertos y se compromete a notificarnos cualquier cambio o modificaci\u00f3n.<br \/>&#8211; A solicitar la supresi\u00f3n de sus datos personales en el caso de que ya no sea necesario que los tengamos o ya no estemos autorizados legalmente a tenerlos.<br \/>&#8211; Solicitar la cancelaci\u00f3n de sus datos personales.<br \/>&#8211; Solicitar el tratamiento limitado de sus datos personales.<br \/>&#8211; Retirar su consentimiento para el tratamiento de sus datos.<br \/>&#8211; A solicitar la portabilidad de sus datos personales, es decir, el derecho a recibir los datos que tenemos de forma estructurada para luego poder enviarlos a otra entidad sin impedimentos por nuestra parte.<\/p><p>Podr\u00e1 acceder a sus datos personales y solicitar la rectificaci\u00f3n de los datos inexactos o solicitar su retirada cuando, entre otros motivos, los datos ya no sean necesarios para los fines que fueron recogido.<\/p><h6>INFORMACI\u00d3N CEDIDA A TERCEROS<\/h6><p>En cumplimiento de la Ley Org\u00e1nica 3\/2018, de 5 de diciembre, de Protecci\u00f3n de Datos de Car\u00e1cter Personal y garant\u00eda de los derechos digitales, procuramos la total privacidad de los datos personales de nuestros clientes y usuarios. Aprovechamos para informarle de que no cedemos los datos que nuestros clientes y usuarios han proporcionado a ninguna entidad u organizaci\u00f3n.<\/p><p>Sin embargo, lo anterior puede cambiar en el caso de que:<\/p><p>&#8211; Estemos obligados por ley a revelar sus datos personales a terceros, como entidades de prevenci\u00f3n y lucha contra el fraude, entidades financieras, etc.<br \/>&#8211; Estemos obligados a revelar sus datos personales a proveedores de servicios de log\u00edstica, transporte y entrega para poder prestar el servicio solicitado por usted.<\/p><h6>CAMBIOS EN ESTA POL\u00cdTICA DE PRIVACIDAD<\/h6><p>Nos reservamos el derecho de modificar o enmendar esta pol\u00edtica de privacidad en cualquier momento y por cualquier motivo, por lo que le rogamos que la revise con frecuencia. Si se producen cambios o aclaraciones en esta pol\u00edtica sobre c\u00f3mo utilizamos sus datos personales, entrar\u00e1n en vigor inmediatamente despu\u00e9s de que se publique el nuevo documento en nuestra web. Si realizamos cambios materiales en nuestra pol\u00edtica, se lo notificaremos aqu\u00ed en nuestra web.<\/p><p>El uso continuado de nuestros servicios despu\u00e9s de la notificaci\u00f3n de los t\u00e9rminos modificados constituir\u00e1 el reconocimiento de los t\u00e9rminos y sus modificaciones y el acuerdo de acatar y estar obligado por la pol\u00edtica modificada.<\/p><h6>PROCEDIMIENTO DE EXCLUSI\u00d3N VOLUNTARIA<\/h6><p>Puede optar por no recibir ninguna comunicaci\u00f3n comercial en cualquier momento enviando un correo electr\u00f3nico a info@nadadebajo.com. Su solicitud ser\u00e1 tramitada en un plazo de 48 horas.<\/p><h6>INFORMACI\u00d3N DE CONTACTO<\/h6><p>Sus datos son controlados por NADA DEBAJO S.L., una empresa actualmente existente y que opera en Espa\u00f1a. De acuerdo con el GDPR de la UE, es necesario indicar en la pol\u00edtica de privacidad los datos de contacto de la empresa o sus representantes. Por lo tanto, la persona responsable del tratamiento de datos personales de acuerdo con el RGPD es:<\/p><p>Nombre de la empresa:<\/p><p>NADA DEBAJO S.L.<br \/>Roger de Lluria 91, 1o 2a<br \/>Barcelona, Espa\u00f1a<br \/>Tel\u00e9fono: +34 606 633 928<br \/>Direcci\u00f3n de correo electr\u00f3nico: info@nadadebajo.com<\/p><p>El responsable del tratamiento de los datos personales del interesado le informa que estos datos ser\u00e1n tratados de acuerdo con lo establecido en la normativa vigente en materia de Reglamento Personal de Protecci\u00f3n de Datos (UE) 2016\/679 de 27 de abril de 2016 (RGPD) y la Ley Org\u00e1nica 3\/2018, de 5 de diciembre, de Protecci\u00f3n de Datos Personales y garant\u00eda de los derechos digitales.<\/p>\t\t\t\t\t\t\t\t<\/div>\n\t\t\t\t<\/div>\n\t\t\t\t\t<\/div>\n\t\t<\/div>\n\t\t\t\t\t<\/div>\n\t\t<\/section>\n\t\t\t\t<\/div>\n\t\t","protected":false},"excerpt":{"rendered":"<p>POL\u00cdTICAS DE PRIVACIDAD \u00a0 INFORMACI\u00d3N RECOPILADA Cuando realiza un pedido o crea una cuenta, recopilamos sus datos de identidad, incluyendo su nombre, apellido, idioma preferido, direcci\u00f3n, direcci\u00f3n de correo electr\u00f3nico y n\u00famero de tel\u00e9fono. Al realizar una compra, tambi\u00e9n recopilamos informaci\u00f3n sobre el pago, incluyendo el m\u00e9todo de pago, los datos de la tarjeta de [&hellip;]<\/p>\n","protected":false},"author":1,"featured_media":0,"parent":0,"menu_order":0,"comment_status":"closed","ping_status":"closed","template":"","meta":{"_acf_changed":false,"footnotes":""},"class_list":["post-581","page","type-page","status-publish","hentry"],"acf":[],"yoast_head":"<!-- This site is optimized with the Yoast SEO plugin v27.3 - https:\/\/yoast.com\/product\/yoast-seo-wordpress\/ -->\n<title>Pol\u00edtica de privacidad - NADA DEBAJO<\/title>\n<meta name=\"robots\" content=\"noindex, follow\" \/>\n<meta property=\"og:locale\" content=\"es_ES\" \/>\n<meta property=\"og:type\" content=\"article\" \/>\n<meta property=\"og:title\" content=\"Pol\u00edtica de privacidad - NADA DEBAJO\" \/>\n<meta property=\"og:description\" content=\"POL\u00cdTICAS DE PRIVACIDAD \u00a0 INFORMACI\u00d3N RECOPILADA Cuando realiza un pedido o crea una cuenta, recopilamos sus datos de identidad, incluyendo su nombre, apellido, idioma preferido, direcci\u00f3n, direcci\u00f3n de correo electr\u00f3nico y n\u00famero de tel\u00e9fono. Al realizar una compra, tambi\u00e9n recopilamos informaci\u00f3n sobre el pago, incluyendo el m\u00e9todo de pago, los datos de la tarjeta de [&hellip;]\" \/>\n<meta property=\"og:url\" content=\"https:\/\/nadadebajo.com\/es\/privacy-policy\/\" \/>\n<meta property=\"og:site_name\" content=\"NADA DEBAJO\" \/>\n<meta property=\"article:modified_time\" content=\"2023-04-14T13:02:48+00:00\" \/>\n<meta name=\"twitter:card\" content=\"summary_large_image\" \/>\n<meta name=\"twitter:label1\" content=\"Tiempo de lectura\" \/>\n\t<meta name=\"twitter:data1\" content=\"5 minutos\" \/>\n<script type=\"application\/ld+json\" class=\"yoast-schema-graph\">{\"@context\":\"https:\\\/\\\/schema.org\",\"@graph\":[{\"@type\":\"WebPage\",\"@id\":\"https:\\\/\\\/nadadebajo.com\\\/es\\\/privacy-policy\\\/\",\"url\":\"https:\\\/\\\/nadadebajo.com\\\/es\\\/privacy-policy\\\/\",\"name\":\"Pol\u00edtica de privacidad - NADA DEBAJO\",\"isPartOf\":{\"@id\":\"https:\\\/\\\/nadadebajo.com\\\/es\\\/#website\"},\"datePublished\":\"2021-04-06T08:42:05+00:00\",\"dateModified\":\"2023-04-14T13:02:48+00:00\",\"inLanguage\":\"es\",\"potentialAction\":[{\"@type\":\"ReadAction\",\"target\":[\"https:\\\/\\\/nadadebajo.com\\\/es\\\/privacy-policy\\\/\"]}]},{\"@type\":\"WebSite\",\"@id\":\"https:\\\/\\\/nadadebajo.com\\\/es\\\/#website\",\"url\":\"https:\\\/\\\/nadadebajo.com\\\/es\\\/\",\"name\":\"NADA DEBAJO\",\"description\":\"Buy less, live more.\",\"potentialAction\":[{\"@type\":\"SearchAction\",\"target\":{\"@type\":\"EntryPoint\",\"urlTemplate\":\"https:\\\/\\\/nadadebajo.com\\\/es\\\/?s={search_term_string}\"},\"query-input\":{\"@type\":\"PropertyValueSpecification\",\"valueRequired\":true,\"valueName\":\"search_term_string\"}}],\"inLanguage\":\"es\"}]}<\/script>\n<!-- \/ Yoast SEO plugin. -->","yoast_head_json":{"title":"Pol\u00edtica de privacidad - NADA DEBAJO","robots":{"index":"noindex","follow":"follow"},"og_locale":"es_ES","og_type":"article","og_title":"Pol\u00edtica de privacidad - NADA DEBAJO","og_description":"POL\u00cdTICAS DE PRIVACIDAD \u00a0 INFORMACI\u00d3N RECOPILADA Cuando realiza un pedido o crea una cuenta, recopilamos sus datos de identidad, incluyendo su nombre, apellido, idioma preferido, direcci\u00f3n, direcci\u00f3n de correo electr\u00f3nico y n\u00famero de tel\u00e9fono. Al realizar una compra, tambi\u00e9n recopilamos informaci\u00f3n sobre el pago, incluyendo el m\u00e9todo de pago, los datos de la tarjeta de [&hellip;]","og_url":"https:\/\/nadadebajo.com\/es\/privacy-policy\/","og_site_name":"NADA DEBAJO","article_modified_time":"2023-04-14T13:02:48+00:00","twitter_card":"summary_large_image","twitter_misc":{"Tiempo de lectura":"5 minutos"},"schema":{"@context":"https:\/\/schema.org","@graph":[{"@type":"WebPage","@id":"https:\/\/nadadebajo.com\/es\/privacy-policy\/","url":"https:\/\/nadadebajo.com\/es\/privacy-policy\/","name":"Pol\u00edtica de privacidad - NADA DEBAJO","isPartOf":{"@id":"https:\/\/nadadebajo.com\/es\/#website"},"datePublished":"2021-04-06T08:42:05+00:00","dateModified":"2023-04-14T13:02:48+00:00","inLanguage":"es","potentialAction":[{"@type":"ReadAction","target":["https:\/\/nadadebajo.com\/es\/privacy-policy\/"]}]},{"@type":"WebSite","@id":"https:\/\/nadadebajo.com\/es\/#website","url":"https:\/\/nadadebajo.com\/es\/","name":"NADA DEBAJO","description":"Buy less, live more.","potentialAction":[{"@type":"SearchAction","target":{"@type":"EntryPoint","urlTemplate":"https:\/\/nadadebajo.com\/es\/?s={search_term_string}"},"query-input":{"@type":"PropertyValueSpecification","valueRequired":true,"valueName":"search_term_string"}}],"inLanguage":"es"}]}},"_links":{"self":[{"href":"https:\/\/nadadebajo.com\/es\/wp-json\/wp\/v2\/pages\/581","targetHints":{"allow":["GET"]}}],"collection":[{"href":"https:\/\/nadadebajo.com\/es\/wp-json\/wp\/v2\/pages"}],"about":[{"href":"https:\/\/nadadebajo.com\/es\/wp-json\/wp\/v2\/types\/page"}],"author":[{"embeddable":true,"href":"https:\/\/nadadebajo.com\/es\/wp-json\/wp\/v2\/users\/1"}],"replies":[{"embeddable":true,"href":"https:\/\/nadadebajo.com\/es\/wp-json\/wp\/v2\/comments?post=581"}],"version-history":[{"count":23,"href":"https:\/\/nadadebajo.com\/es\/wp-json\/wp\/v2\/pages\/581\/revisions"}],"predecessor-version":[{"id":3367,"href":"https:\/\/nadadebajo.com\/es\/wp-json\/wp\/v2\/pages\/581\/revisions\/3367"}],"wp:attachment":[{"href":"https:\/\/nadadebajo.com\/es\/wp-json\/wp\/v2\/media?parent=581"}],"curies":[{"name":"wp","href":"https:\/\/api.w.org\/{rel}","templated":true}]}}