{"id":5968,"date":"2025-07-15T09:56:37","date_gmt":"2025-07-15T07:56:37","guid":{"rendered":"https:\/\/nadadebajo.com\/?page_id=5968"},"modified":"2025-07-15T10:37:58","modified_gmt":"2025-07-15T08:37:58","slug":"spring-summer-2024","status":"publish","type":"page","link":"https:\/\/nadadebajo.com\/es\/spring-summer-2024\/","title":{"rendered":"NADA DEBAJO"},"content":{"rendered":"\t\t<div data-elementor-type=\"wp-page\" data-elementor-id=\"5968\" class=\"elementor elementor-5968 elementor-5967\" data-elementor-post-type=\"page\">\n\t\t\t\t\t\t<section class=\"elementor-section elementor-top-section elementor-element elementor-element-9ca3c50 elementor-section-full_width elementor-section-height-default elementor-section-height-default\" data-id=\"9ca3c50\" data-element_type=\"section\" data-e-type=\"section\">\n\t\t\t\t\t\t<div class=\"elementor-container elementor-column-gap-no\">\n\t\t\t\t\t<div class=\"elementor-column elementor-col-100 elementor-top-column elementor-element elementor-element-8e7be27\" data-id=\"8e7be27\" data-element_type=\"column\" data-e-type=\"column\">\n\t\t\t<div class=\"elementor-widget-wrap elementor-element-populated\">\n\t\t\t\t\t\t<div class=\"elementor-element elementor-element-9a4162b elementor-hidden-desktop elementor-hidden-tablet elementor-widget elementor-widget-image\" data-id=\"9a4162b\" data-element_type=\"widget\" data-e-type=\"widget\" data-widget_type=\"image.default\">\n\t\t\t\t<div class=\"elementor-widget-container\">\n\t\t\t\t\t\t\t\t\t\t\t\t\t\t\t\t<a href=\"https:\/\/nadadebajo.com\/type\/new\/\">\n\t\t\t\t\t\t\t<img fetchpriority=\"high\" decoding=\"async\" width=\"717\" height=\"1208\" src=\"https:\/\/nadadebajo.com\/wp-content\/uploads\/2025\/07\/HEADER-MO.png\" class=\"attachment-full size-full wp-image-6014\" alt=\"\" srcset=\"https:\/\/nadadebajo.com\/wp-content\/uploads\/2025\/07\/HEADER-MO.png 717w, https:\/\/nadadebajo.com\/wp-content\/uploads\/2025\/07\/HEADER-MO-178x300.png 178w, https:\/\/nadadebajo.com\/wp-content\/uploads\/2025\/07\/HEADER-MO-608x1024.png 608w\" sizes=\"(max-width: 717px) 100vw, 717px\" \/>\t\t\t\t\t\t\t\t<\/a>\n\t\t\t\t\t\t\t\t\t\t\t\t\t\t\t<\/div>\n\t\t\t\t<\/div>\n\t\t\t\t<div class=\"elementor-element elementor-element-16e7e09 elementor-hidden-desktop elementor-widget elementor-widget-spacer\" data-id=\"16e7e09\" data-element_type=\"widget\" data-e-type=\"widget\" data-widget_type=\"spacer.default\">\n\t\t\t\t<div class=\"elementor-widget-container\">\n\t\t\t\t\t\t\t<div class=\"elementor-spacer\">\n\t\t\t<div class=\"elementor-spacer-inner\"><\/div>\n\t\t<\/div>\n\t\t\t\t\t\t<\/div>\n\t\t\t\t<\/div>\n\t\t\t\t<div class=\"elementor-element elementor-element-31473aa elementor-hidden-desktop elementor-hidden-tablet elementor-widget elementor-widget-text-editor\" data-id=\"31473aa\" data-element_type=\"widget\" data-e-type=\"widget\" data-widget_type=\"text-editor.default\">\n\t\t\t\t<div class=\"elementor-widget-container\">\n\t\t\t\t\t\t\t\t\t<p>ELEGANCIA DE VERANO REDEFINIDA<\/p>\t\t\t\t\t\t\t\t<\/div>\n\t\t\t\t<\/div>\n\t\t\t\t<div class=\"elementor-element elementor-element-9247e92 elementor-hidden-desktop elementor-hidden-tablet elementor-widget elementor-widget-image\" data-id=\"9247e92\" data-element_type=\"widget\" data-e-type=\"widget\" data-widget_type=\"image.default\">\n\t\t\t\t<div class=\"elementor-widget-container\">\n\t\t\t\t\t\t\t\t\t\t\t\t\t\t\t\t<a href=\"https:\/\/nadadebajo.com\/philosophy\/\">\n\t\t\t\t\t\t\t<img decoding=\"async\" width=\"1000\" height=\"1500\" src=\"https:\/\/nadadebajo.com\/wp-content\/uploads\/2024\/06\/NADADEBAJO1597.jpg\" class=\"attachment-full size-full wp-image-4935\" alt=\"\" srcset=\"https:\/\/nadadebajo.com\/wp-content\/uploads\/2024\/06\/NADADEBAJO1597.jpg 1000w, https:\/\/nadadebajo.com\/wp-content\/uploads\/2024\/06\/NADADEBAJO1597-200x300.jpg 200w, https:\/\/nadadebajo.com\/wp-content\/uploads\/2024\/06\/NADADEBAJO1597-683x1024.jpg 683w, https:\/\/nadadebajo.com\/wp-content\/uploads\/2024\/06\/NADADEBAJO1597-768x1152.jpg 768w, https:\/\/nadadebajo.com\/wp-content\/uploads\/2024\/06\/NADADEBAJO1597-800x1200.jpg 800w\" sizes=\"(max-width: 1000px) 100vw, 1000px\" \/>\t\t\t\t\t\t\t\t<\/a>\n\t\t\t\t\t\t\t\t\t\t\t\t\t\t\t<\/div>\n\t\t\t\t<\/div>\n\t\t\t\t<div class=\"elementor-element elementor-element-ac89cca elementor-hidden-desktop elementor-hidden-tablet elementor-widget elementor-widget-spacer\" data-id=\"ac89cca\" data-element_type=\"widget\" data-e-type=\"widget\" data-widget_type=\"spacer.default\">\n\t\t\t\t<div class=\"elementor-widget-container\">\n\t\t\t\t\t\t\t<div class=\"elementor-spacer\">\n\t\t\t<div class=\"elementor-spacer-inner\"><\/div>\n\t\t<\/div>\n\t\t\t\t\t\t<\/div>\n\t\t\t\t<\/div>\n\t\t\t\t<div class=\"elementor-element elementor-element-960bf4f elementor-hidden-desktop elementor-hidden-tablet elementor-widget elementor-widget-text-editor\" data-id=\"960bf4f\" data-element_type=\"widget\" data-e-type=\"widget\" data-widget_type=\"text-editor.default\">\n\t\t\t\t<div class=\"elementor-widget-container\">\n\t\t\t\t\t\t\t\t\t<p class=\"p1\"><strong data-start=\"71\" data-end=\"86\">NADA DEBAJO<\/strong> es una marca de moda de lujo circular y sostenible, apasionada por el dise\u00f1o.<br \/><br data-start=\"164\" data-end=\"167\" data-is-only-node=\"\" \/>M\u00e1s que una marca, es un movimiento: a favor de la moda lenta y el consumo consciente.<\/p>\t\t\t\t\t\t\t\t<\/div>\n\t\t\t\t<\/div>\n\t\t\t\t<div class=\"elementor-element elementor-element-efd0c7d elementor-align-center elementor-hidden-desktop elementor-hidden-tablet elementor-mobile-align-center elementor-widget elementor-widget-button\" data-id=\"efd0c7d\" data-element_type=\"widget\" data-e-type=\"widget\" data-widget_type=\"button.default\">\n\t\t\t\t<div class=\"elementor-widget-container\">\n\t\t\t\t\t\t\t\t\t<div class=\"elementor-button-wrapper\">\n\t\t\t\t\t<a class=\"elementor-button elementor-button-link elementor-size-xs\" href=\"https:\/\/nadadebajo.com\/es\/philosophy\/\">\n\t\t\t\t\t\t<span class=\"elementor-button-content-wrapper\">\n\t\t\t\t\t\t\t\t\t<span class=\"elementor-button-text\">DESCUBRE M\u00c1S<\/span>\n\t\t\t\t\t<\/span>\n\t\t\t\t\t<\/a>\n\t\t\t\t<\/div>\n\t\t\t\t\t\t\t\t<\/div>\n\t\t\t\t<\/div>\n\t\t\t\t\t<\/div>\n\t\t<\/div>\n\t\t\t\t\t<\/div>\n\t\t<\/section>\n\t\t\t\t<section class=\"elementor-section elementor-top-section elementor-element elementor-element-b6db205 elementor-section-full_width elementor-section-height-default elementor-section-height-default\" data-id=\"b6db205\" data-element_type=\"section\" data-e-type=\"section\">\n\t\t\t\t\t\t<div class=\"elementor-container elementor-column-gap-no\">\n\t\t\t\t\t<div class=\"elementor-column elementor-col-100 elementor-top-column elementor-element elementor-element-7db8371\" data-id=\"7db8371\" data-element_type=\"column\" data-e-type=\"column\">\n\t\t\t<div class=\"elementor-widget-wrap elementor-element-populated\">\n\t\t\t\t\t\t<div class=\"elementor-element elementor-element-c62f890 elementor-absolute elementor-hidden-tablet elementor-hidden-mobile elementor-invisible elementor-widget elementor-widget-heading\" data-id=\"c62f890\" data-element_type=\"widget\" data-e-type=\"widget\" data-settings=\"{&quot;_position&quot;:&quot;absolute&quot;,&quot;_animation&quot;:&quot;fadeIn&quot;,&quot;_animation_delay&quot;:400}\" data-widget_type=\"heading.default\">\n\t\t\t\t<div class=\"elementor-widget-container\">\n\t\t\t\t\t<h2 class=\"elementor-heading-title elementor-size-default\">ESENCIALES DE PRIMAVERA\/VERANO <\/h2>\t\t\t\t<\/div>\n\t\t\t\t<\/div>\n\t\t\t\t<div class=\"elementor-element elementor-element-6b5f11a elementor-absolute elementor-hidden-tablet elementor-hidden-mobile elementor-invisible elementor-widget elementor-widget-heading\" data-id=\"6b5f11a\" data-element_type=\"widget\" data-e-type=\"widget\" data-settings=\"{&quot;_position&quot;:&quot;absolute&quot;,&quot;_animation&quot;:&quot;fadeIn&quot;,&quot;_animation_delay&quot;:400}\" data-widget_type=\"heading.default\">\n\t\t\t\t<div class=\"elementor-widget-container\">\n\t\t\t\t\t<h2 class=\"elementor-heading-title elementor-size-default\"><a href=\"https:\/\/nadadebajo.com\/es\/tienda\/\">VER COLECCI\u00d3N<\/a><\/h2>\t\t\t\t<\/div>\n\t\t\t\t<\/div>\n\t\t\t\t<div class=\"elementor-element elementor-element-c93413b elementor-widget__width-initial animated-slow elementor-hidden-mobile elementor-invisible elementor-widget elementor-widget-image\" data-id=\"c93413b\" data-element_type=\"widget\" data-e-type=\"widget\" data-settings=\"{&quot;_animation&quot;:&quot;fadeIn&quot;,&quot;_animation_delay&quot;:800}\" data-widget_type=\"image.default\">\n\t\t\t\t<div class=\"elementor-widget-container\">\n\t\t\t\t\t\t\t\t\t\t\t\t\t\t\t\t<a href=\"https:\/\/nadadebajo.com\/shop\/\">\n\t\t\t\t\t\t\t<img decoding=\"async\" width=\"1920\" height=\"1000\" src=\"https:\/\/nadadebajo.com\/wp-content\/uploads\/2025\/07\/landing-page-1.gif\" class=\"attachment-full size-full wp-image-6009\" alt=\"\" \/>\t\t\t\t\t\t\t\t<\/a>\n\t\t\t\t\t\t\t\t\t\t\t\t\t\t\t<\/div>\n\t\t\t\t<\/div>\n\t\t\t\t<div class=\"elementor-element elementor-element-8bc18f5 elementor-hidden-mobile elementor-widget elementor-widget-spacer\" data-id=\"8bc18f5\" data-element_type=\"widget\" data-e-type=\"widget\" data-widget_type=\"spacer.default\">\n\t\t\t\t<div class=\"elementor-widget-container\">\n\t\t\t\t\t\t\t<div class=\"elementor-spacer\">\n\t\t\t<div class=\"elementor-spacer-inner\"><\/div>\n\t\t<\/div>\n\t\t\t\t\t\t<\/div>\n\t\t\t\t<\/div>\n\t\t\t\t<div class=\"elementor-element elementor-element-7b17eb9 elementor-hidden-mobile elementor-widget elementor-widget-text-editor\" data-id=\"7b17eb9\" data-element_type=\"widget\" data-e-type=\"widget\" data-widget_type=\"text-editor.default\">\n\t\t\t\t<div class=\"elementor-widget-container\">\n\t\t\t\t\t\t\t\t\t<p>ELEGANCIA de VERANO REDEFINIDA<\/p>\t\t\t\t\t\t\t\t<\/div>\n\t\t\t\t<\/div>\n\t\t\t\t<div class=\"elementor-element elementor-element-f8fd0da elementor-hidden-mobile elementor-widget elementor-widget-spacer\" data-id=\"f8fd0da\" data-element_type=\"widget\" data-e-type=\"widget\" data-widget_type=\"spacer.default\">\n\t\t\t\t<div class=\"elementor-widget-container\">\n\t\t\t\t\t\t\t<div class=\"elementor-spacer\">\n\t\t\t<div class=\"elementor-spacer-inner\"><\/div>\n\t\t<\/div>\n\t\t\t\t\t\t<\/div>\n\t\t\t\t<\/div>\n\t\t\t\t\t<\/div>\n\t\t<\/div>\n\t\t\t\t\t<\/div>\n\t\t<\/section>\n\t\t<div class=\"elementor-element elementor-element-10f4ca6 e-flex e-con-boxed e-con e-parent\" data-id=\"10f4ca6\" data-element_type=\"container\" data-e-type=\"container\" data-settings=\"{&quot;position&quot;:&quot;absolute&quot;}\">\n\t\t\t\t\t<div class=\"e-con-inner\">\n\t\t\t\t<div class=\"elementor-element elementor-element-14dbb95 elementor-align-center elementor-absolute elementor-hidden-desktop elementor-hidden-mobile elementor-widget elementor-widget-button\" data-id=\"14dbb95\" data-element_type=\"widget\" data-e-type=\"widget\" data-settings=\"{&quot;_position&quot;:&quot;absolute&quot;}\" data-widget_type=\"button.default\">\n\t\t\t\t<div class=\"elementor-widget-container\">\n\t\t\t\t\t\t\t\t\t<div class=\"elementor-button-wrapper\">\n\t\t\t\t\t<a class=\"elementor-button elementor-button-link elementor-size-sm\" href=\"\">\n\t\t\t\t\t\t<span class=\"elementor-button-content-wrapper\">\n\t\t\t\t\t\t\t\t\t<span class=\"elementor-button-text\">VER COLLECCI\u00d3N<\/span>\n\t\t\t\t\t<\/span>\n\t\t\t\t\t<\/a>\n\t\t\t\t<\/div>\n\t\t\t\t\t\t\t\t<\/div>\n\t\t\t\t<\/div>\n\t\t\t\t\t<\/div>\n\t\t\t\t<\/div>\n\t\t\t\t<section class=\"elementor-section elementor-top-section elementor-element elementor-element-8d1fc43 elementor-hidden-desktop elementor-hidden-mobile elementor-section-boxed elementor-section-height-default elementor-section-height-default\" data-id=\"8d1fc43\" data-element_type=\"section\" data-e-type=\"section\">\n\t\t\t\t\t\t<div class=\"elementor-container elementor-column-gap-default\">\n\t\t\t\t\t<div class=\"elementor-column elementor-col-100 elementor-top-column elementor-element elementor-element-aa118a4\" data-id=\"aa118a4\" data-element_type=\"column\" data-e-type=\"column\">\n\t\t\t<div class=\"elementor-widget-wrap\">\n\t\t\t\t\t\t\t<\/div>\n\t\t<\/div>\n\t\t\t\t\t<\/div>\n\t\t<\/section>\n\t\t\t\t<section class=\"elementor-section elementor-top-section elementor-element elementor-element-3e271f0 elementor-hidden-mobile elementor-section-boxed elementor-section-height-default elementor-section-height-default\" data-id=\"3e271f0\" data-element_type=\"section\" data-e-type=\"section\">\n\t\t\t\t\t\t<div class=\"elementor-container elementor-column-gap-default\">\n\t\t\t\t\t<div class=\"elementor-column elementor-col-100 elementor-top-column elementor-element elementor-element-be5dd44\" data-id=\"be5dd44\" data-element_type=\"column\" data-e-type=\"column\">\n\t\t\t<div class=\"elementor-widget-wrap elementor-element-populated\">\n\t\t\t\t\t\t<div class=\"elementor-element elementor-element-37764a5 elementor-widget elementor-widget-image\" data-id=\"37764a5\" data-element_type=\"widget\" data-e-type=\"widget\" data-widget_type=\"image.default\">\n\t\t\t\t<div class=\"elementor-widget-container\">\n\t\t\t\t\t\t\t\t\t\t\t\t\t\t\t\t<a href=\"https:\/\/nadadebajo.com\/philosophy\/\">\n\t\t\t\t\t\t\t<img decoding=\"async\" width=\"1000\" height=\"1500\" src=\"https:\/\/nadadebajo.com\/wp-content\/uploads\/2024\/06\/NADADEBAJO1597.jpg\" class=\"attachment-full size-full wp-image-4935\" alt=\"\" srcset=\"https:\/\/nadadebajo.com\/wp-content\/uploads\/2024\/06\/NADADEBAJO1597.jpg 1000w, https:\/\/nadadebajo.com\/wp-content\/uploads\/2024\/06\/NADADEBAJO1597-200x300.jpg 200w, https:\/\/nadadebajo.com\/wp-content\/uploads\/2024\/06\/NADADEBAJO1597-683x1024.jpg 683w, https:\/\/nadadebajo.com\/wp-content\/uploads\/2024\/06\/NADADEBAJO1597-768x1152.jpg 768w, https:\/\/nadadebajo.com\/wp-content\/uploads\/2024\/06\/NADADEBAJO1597-800x1200.jpg 800w\" sizes=\"(max-width: 1000px) 100vw, 1000px\" \/>\t\t\t\t\t\t\t\t<\/a>\n\t\t\t\t\t\t\t\t\t\t\t\t\t\t\t<\/div>\n\t\t\t\t<\/div>\n\t\t\t\t<div class=\"elementor-element elementor-element-1270fd6 elementor-widget elementor-widget-spacer\" data-id=\"1270fd6\" data-element_type=\"widget\" data-e-type=\"widget\" data-widget_type=\"spacer.default\">\n\t\t\t\t<div class=\"elementor-widget-container\">\n\t\t\t\t\t\t\t<div class=\"elementor-spacer\">\n\t\t\t<div class=\"elementor-spacer-inner\"><\/div>\n\t\t<\/div>\n\t\t\t\t\t\t<\/div>\n\t\t\t\t<\/div>\n\t\t\t\t\t<\/div>\n\t\t<\/div>\n\t\t\t\t\t<\/div>\n\t\t<\/section>\n\t\t\t\t<section class=\"elementor-section elementor-top-section elementor-element elementor-element-3c9e027 elementor-section-full_width elementor-section-height-default elementor-section-height-default\" data-id=\"3c9e027\" data-element_type=\"section\" data-e-type=\"section\">\n\t\t\t\t\t\t<div class=\"elementor-container elementor-column-gap-default\">\n\t\t\t\t\t<div class=\"elementor-column elementor-col-100 elementor-top-column elementor-element elementor-element-98b5077\" data-id=\"98b5077\" data-element_type=\"column\" data-e-type=\"column\">\n\t\t\t<div class=\"elementor-widget-wrap elementor-element-populated\">\n\t\t\t\t\t\t<div class=\"elementor-element elementor-element-b332a32 elementor-hidden-mobile elementor-widget elementor-widget-text-editor\" data-id=\"b332a32\" data-element_type=\"widget\" data-e-type=\"widget\" data-widget_type=\"text-editor.default\">\n\t\t\t\t<div class=\"elementor-widget-container\">\n\t\t\t\t\t\t\t\t\t<p class=\"p1\"><strong data-start=\"71\" data-end=\"86\">NADA DEBAJO<\/strong> es una marca de moda de lujo circular y sostenible, apasionada por el dise\u00f1o.<br data-start=\"164\" data-end=\"167\" data-is-only-node=\"\" \/>M\u00e1s que una marca, es un movimiento: a favor de la moda lenta y el consumo consciente.<\/p>\t\t\t\t\t\t\t\t<\/div>\n\t\t\t\t<\/div>\n\t\t\t\t<div class=\"elementor-element elementor-element-0d1e134 elementor-align-center elementor-hidden-mobile elementor-widget elementor-widget-button\" data-id=\"0d1e134\" data-element_type=\"widget\" data-e-type=\"widget\" data-widget_type=\"button.default\">\n\t\t\t\t<div class=\"elementor-widget-container\">\n\t\t\t\t\t\t\t\t\t<div class=\"elementor-button-wrapper\">\n\t\t\t\t\t<a class=\"elementor-button elementor-button-link elementor-size-sm\" href=\"https:\/\/nadadebajo.com\/es\/philosophy\/\">\n\t\t\t\t\t\t<span class=\"elementor-button-content-wrapper\">\n\t\t\t\t\t\t\t\t\t<span class=\"elementor-button-text\">DESCUBRE M\u00c1S<\/span>\n\t\t\t\t\t<\/span>\n\t\t\t\t\t<\/a>\n\t\t\t\t<\/div>\n\t\t\t\t\t\t\t\t<\/div>\n\t\t\t\t<\/div>\n\t\t\t\t\t<\/div>\n\t\t<\/div>\n\t\t\t\t\t<\/div>\n\t\t<\/section>\n\t\t\t\t<\/div>\n\t\t","protected":false},"excerpt":{"rendered":"<p>ELEGANCIA DE VERANO REDEFINIDA NADA DEBAJO es una marca de moda de lujo circular y sostenible, apasionada por el dise\u00f1o. M\u00e1s que una marca, es un movimiento: a favor de la moda lenta y el consumo consciente. DESCUBRE M\u00c1S ESENCIALES DE PRIMAVERA\/VERANO VER COLECCI\u00d3N ELEGANCIA de VERANO REDEFINIDA VER COLLECCI\u00d3N NADA DEBAJO es una marca [&hellip;]<\/p>\n","protected":false},"author":30,"featured_media":0,"parent":0,"menu_order":0,"comment_status":"closed","ping_status":"closed","template":"","meta":{"_acf_changed":false,"footnotes":""},"class_list":["post-5968","page","type-page","status-publish","hentry"],"acf":[],"yoast_head":"<!-- This site is optimized with the Yoast SEO plugin v27.4 - https:\/\/yoast.com\/product\/yoast-seo-wordpress\/ -->\n<title>NADA DEBAJO<\/title>\n<meta name=\"robots\" content=\"index, follow, max-snippet:-1, max-image-preview:large, max-video-preview:-1\" \/>\n<link rel=\"canonical\" href=\"https:\/\/nadadebajo.com\/es\/spring-summer-2024\/\" \/>\n<meta property=\"og:locale\" content=\"es_ES\" \/>\n<meta property=\"og:type\" content=\"article\" \/>\n<meta property=\"og:title\" content=\"NADA DEBAJO\" \/>\n<meta property=\"og:description\" content=\"ELEGANCIA DE VERANO REDEFINIDA NADA DEBAJO es una marca de moda de lujo circular y sostenible, apasionada por el dise\u00f1o. M\u00e1s que una marca, es un movimiento: a favor de la moda lenta y el consumo consciente. DESCUBRE M\u00c1S ESENCIALES DE PRIMAVERA\/VERANO VER COLECCI\u00d3N ELEGANCIA de VERANO REDEFINIDA VER COLLECCI\u00d3N NADA DEBAJO es una marca [&hellip;]\" \/>\n<meta property=\"og:url\" content=\"https:\/\/nadadebajo.com\/es\/spring-summer-2024\/\" \/>\n<meta property=\"og:site_name\" content=\"NADA DEBAJO\" \/>\n<meta property=\"article:modified_time\" content=\"2025-07-15T08:37:58+00:00\" \/>\n<meta property=\"og:image\" content=\"https:\/\/nadadebajo.com\/wp-content\/uploads\/2025\/07\/HEADER-MO.png\" \/>\n<meta name=\"twitter:card\" content=\"summary_large_image\" \/>\n<meta name=\"twitter:label1\" content=\"Tiempo de lectura\" \/>\n\t<meta name=\"twitter:data1\" content=\"2 minutos\" \/>\n<script type=\"application\/ld+json\" class=\"yoast-schema-graph\">{\"@context\":\"https:\\\/\\\/schema.org\",\"@graph\":[{\"@type\":\"WebPage\",\"@id\":\"https:\\\/\\\/nadadebajo.com\\\/es\\\/spring-summer-2024\\\/\",\"url\":\"https:\\\/\\\/nadadebajo.com\\\/es\\\/spring-summer-2024\\\/\",\"name\":\"NADA DEBAJO\",\"isPartOf\":{\"@id\":\"https:\\\/\\\/nadadebajo.com\\\/es\\\/#website\"},\"primaryImageOfPage\":{\"@id\":\"https:\\\/\\\/nadadebajo.com\\\/es\\\/spring-summer-2024\\\/#primaryimage\"},\"image\":{\"@id\":\"https:\\\/\\\/nadadebajo.com\\\/es\\\/spring-summer-2024\\\/#primaryimage\"},\"thumbnailUrl\":\"https:\\\/\\\/nadadebajo.com\\\/wp-content\\\/uploads\\\/2025\\\/07\\\/HEADER-MO.png\",\"datePublished\":\"2025-07-15T07:56:37+00:00\",\"dateModified\":\"2025-07-15T08:37:58+00:00\",\"inLanguage\":\"es\",\"potentialAction\":[{\"@type\":\"ReadAction\",\"target\":[\"https:\\\/\\\/nadadebajo.com\\\/es\\\/spring-summer-2024\\\/\"]}]},{\"@type\":\"ImageObject\",\"inLanguage\":\"es\",\"@id\":\"https:\\\/\\\/nadadebajo.com\\\/es\\\/spring-summer-2024\\\/#primaryimage\",\"url\":\"https:\\\/\\\/nadadebajo.com\\\/wp-content\\\/uploads\\\/2025\\\/07\\\/HEADER-MO.png\",\"contentUrl\":\"https:\\\/\\\/nadadebajo.com\\\/wp-content\\\/uploads\\\/2025\\\/07\\\/HEADER-MO.png\"},{\"@type\":\"WebSite\",\"@id\":\"https:\\\/\\\/nadadebajo.com\\\/es\\\/#website\",\"url\":\"https:\\\/\\\/nadadebajo.com\\\/es\\\/\",\"name\":\"NADA DEBAJO\",\"description\":\"Buy less, live more.\",\"potentialAction\":[{\"@type\":\"SearchAction\",\"target\":{\"@type\":\"EntryPoint\",\"urlTemplate\":\"https:\\\/\\\/nadadebajo.com\\\/es\\\/?s={search_term_string}\"},\"query-input\":{\"@type\":\"PropertyValueSpecification\",\"valueRequired\":true,\"valueName\":\"search_term_string\"}}],\"inLanguage\":\"es\"}]}<\/script>\n<!-- \/ Yoast SEO plugin. -->","yoast_head_json":{"title":"NADA DEBAJO","robots":{"index":"index","follow":"follow","max-snippet":"max-snippet:-1","max-image-preview":"max-image-preview:large","max-video-preview":"max-video-preview:-1"},"canonical":"https:\/\/nadadebajo.com\/es\/spring-summer-2024\/","og_locale":"es_ES","og_type":"article","og_title":"NADA DEBAJO","og_description":"ELEGANCIA DE VERANO REDEFINIDA NADA DEBAJO es una marca de moda de lujo circular y sostenible, apasionada por el dise\u00f1o. M\u00e1s que una marca, es un movimiento: a favor de la moda lenta y el consumo consciente. DESCUBRE M\u00c1S ESENCIALES DE PRIMAVERA\/VERANO VER COLECCI\u00d3N ELEGANCIA de VERANO REDEFINIDA VER COLLECCI\u00d3N NADA DEBAJO es una marca [&hellip;]","og_url":"https:\/\/nadadebajo.com\/es\/spring-summer-2024\/","og_site_name":"NADA DEBAJO","article_modified_time":"2025-07-15T08:37:58+00:00","og_image":[{"url":"https:\/\/nadadebajo.com\/wp-content\/uploads\/2025\/07\/HEADER-MO.png","type":"","width":"","height":""}],"twitter_card":"summary_large_image","twitter_misc":{"Tiempo de lectura":"2 minutos"},"schema":{"@context":"https:\/\/schema.org","@graph":[{"@type":"WebPage","@id":"https:\/\/nadadebajo.com\/es\/spring-summer-2024\/","url":"https:\/\/nadadebajo.com\/es\/spring-summer-2024\/","name":"NADA DEBAJO","isPartOf":{"@id":"https:\/\/nadadebajo.com\/es\/#website"},"primaryImageOfPage":{"@id":"https:\/\/nadadebajo.com\/es\/spring-summer-2024\/#primaryimage"},"image":{"@id":"https:\/\/nadadebajo.com\/es\/spring-summer-2024\/#primaryimage"},"thumbnailUrl":"https:\/\/nadadebajo.com\/wp-content\/uploads\/2025\/07\/HEADER-MO.png","datePublished":"2025-07-15T07:56:37+00:00","dateModified":"2025-07-15T08:37:58+00:00","inLanguage":"es","potentialAction":[{"@type":"ReadAction","target":["https:\/\/nadadebajo.com\/es\/spring-summer-2024\/"]}]},{"@type":"ImageObject","inLanguage":"es","@id":"https:\/\/nadadebajo.com\/es\/spring-summer-2024\/#primaryimage","url":"https:\/\/nadadebajo.com\/wp-content\/uploads\/2025\/07\/HEADER-MO.png","contentUrl":"https:\/\/nadadebajo.com\/wp-content\/uploads\/2025\/07\/HEADER-MO.png"},{"@type":"WebSite","@id":"https:\/\/nadadebajo.com\/es\/#website","url":"https:\/\/nadadebajo.com\/es\/","name":"NADA DEBAJO","description":"Buy less, live more.","potentialAction":[{"@type":"SearchAction","target":{"@type":"EntryPoint","urlTemplate":"https:\/\/nadadebajo.com\/es\/?s={search_term_string}"},"query-input":{"@type":"PropertyValueSpecification","valueRequired":true,"valueName":"search_term_string"}}],"inLanguage":"es"}]}},"_links":{"self":[{"href":"https:\/\/nadadebajo.com\/es\/wp-json\/wp\/v2\/pages\/5968","targetHints":{"allow":["GET"]}}],"collection":[{"href":"https:\/\/nadadebajo.com\/es\/wp-json\/wp\/v2\/pages"}],"about":[{"href":"https:\/\/nadadebajo.com\/es\/wp-json\/wp\/v2\/types\/page"}],"author":[{"embeddable":true,"href":"https:\/\/nadadebajo.com\/es\/wp-json\/wp\/v2\/users\/30"}],"replies":[{"embeddable":true,"href":"https:\/\/nadadebajo.com\/es\/wp-json\/wp\/v2\/comments?post=5968"}],"version-history":[{"count":19,"href":"https:\/\/nadadebajo.com\/es\/wp-json\/wp\/v2\/pages\/5968\/revisions"}],"predecessor-version":[{"id":6049,"href":"https:\/\/nadadebajo.com\/es\/wp-json\/wp\/v2\/pages\/5968\/revisions\/6049"}],"wp:attachment":[{"href":"https:\/\/nadadebajo.com\/es\/wp-json\/wp\/v2\/media?parent=5968"}],"curies":[{"name":"wp","href":"https:\/\/api.w.org\/{rel}","templated":true}]}}