{"id":2288,"date":"2022-12-22T10:28:14","date_gmt":"2023-01-04T12:06:53","guid":{"rendered":"https:\/\/nadadebajo.com\/?post_type=product&#038;p=2288"},"modified":"2023-04-18T10:37:16","modified_gmt":"2023-04-18T08:37:16","slug":"bedoll-dress-onyx","status":"publish","type":"product","link":"https:\/\/nadadebajo.com\/es\/producto\/bedoll-dress-onyx\/","title":{"rendered":"BEDOLL DRESS ONYX"},"content":{"rendered":"<p class=\"p1\">Vestido largo de silueta entallada y estructurada, con cuello alto, aperturas laterals y otra en la espalda. Elaborado en lana y seda con altos est\u00e1ndares de calidad, aporta comodidad en los d\u00edas fr\u00edos del invierno sin renunciar a la elegancia de un vestido negro. Destaca por el corte diagonal en el pecho.<\/p>\n","protected":false},"excerpt":{"rendered":"<p class=\"p1\">Vestido largo de silueta entallada y estructurada, con cuello alto, aperturas laterals y otra en la espalda. Elaborado en lana y seda con altos est\u00e1ndares de calidad, aporta comodidad en los d\u00edas fr\u00edos del invierno sin renunciar a la elegancia de un vestido negro. Destaca por el corte diagonal en el pecho.<\/p>\n","protected":false},"featured_media":2237,"template":"","meta":{"_acf_changed":false},"product_brand":[],"product_cat":[70],"product_tag":[],"class_list":{"0":"post-2288","1":"product","2":"type-product","3":"status-publish","4":"has-post-thumbnail","6":"type-vestidos","7":"product_cat-forest-dream-es","9":"first","10":"instock","11":"taxable","12":"shipping-taxable","13":"purchasable","14":"product-type-variable","15":"wpzoom-wc-spi-has-enabled"},"acf":[],"yoast_head":"<!-- This site is optimized with the Yoast SEO plugin v27.3 - https:\/\/yoast.com\/product\/yoast-seo-wordpress\/ -->\n<title>BEDOLL DRESS ONYX - NADA DEBAJO<\/title>\n<meta name=\"robots\" content=\"index, follow, max-snippet:-1, max-image-preview:large, max-video-preview:-1\" \/>\n<link rel=\"canonical\" href=\"https:\/\/nadadebajo.com\/es\/producto\/bedoll-dress-onyx\/\" \/>\n<meta property=\"og:locale\" content=\"es_ES\" \/>\n<meta property=\"og:type\" content=\"article\" \/>\n<meta property=\"og:title\" content=\"BEDOLL DRESS ONYX - NADA DEBAJO\" \/>\n<meta property=\"og:description\" content=\"Vestido largo de silueta entallada y estructurada, con cuello alto, aperturas laterals y otra en la espalda. Elaborado en lana y seda con altos est\u00e1ndares de calidad, aporta comodidad en los d\u00edas fr\u00edos del invierno sin renunciar a la elegancia de un vestido negro. Destaca por el corte diagonal en el pecho.\" \/>\n<meta property=\"og:url\" content=\"https:\/\/nadadebajo.com\/es\/producto\/bedoll-dress-onyx\/\" \/>\n<meta property=\"og:site_name\" content=\"NADA DEBAJO\" \/>\n<meta property=\"article:modified_time\" content=\"2023-04-18T08:37:16+00:00\" \/>\n<meta property=\"og:image\" content=\"https:\/\/nadadebajo.com\/wp-content\/uploads\/2022\/12\/FINAL-NADA-DEBAJO-12.11.20220041.jpg\" \/>\n\t<meta property=\"og:image:width\" content=\"1365\" \/>\n\t<meta property=\"og:image:height\" content=\"2048\" \/>\n\t<meta property=\"og:image:type\" content=\"image\/jpeg\" \/>\n<meta name=\"twitter:card\" content=\"summary_large_image\" \/>\n<meta name=\"twitter:label1\" content=\"Tiempo de lectura\" \/>\n\t<meta name=\"twitter:data1\" content=\"1 minuto\" \/>\n<script type=\"application\/ld+json\" class=\"yoast-schema-graph\">{\"@context\":\"https:\\\/\\\/schema.org\",\"@graph\":[{\"@type\":\"WebPage\",\"@id\":\"https:\\\/\\\/nadadebajo.com\\\/es\\\/producto\\\/bedoll-dress-onyx\\\/\",\"url\":\"https:\\\/\\\/nadadebajo.com\\\/es\\\/producto\\\/bedoll-dress-onyx\\\/\",\"name\":\"BEDOLL DRESS ONYX - NADA DEBAJO\",\"isPartOf\":{\"@id\":\"https:\\\/\\\/nadadebajo.com\\\/es\\\/#website\"},\"primaryImageOfPage\":{\"@id\":\"https:\\\/\\\/nadadebajo.com\\\/es\\\/producto\\\/bedoll-dress-onyx\\\/#primaryimage\"},\"image\":{\"@id\":\"https:\\\/\\\/nadadebajo.com\\\/es\\\/producto\\\/bedoll-dress-onyx\\\/#primaryimage\"},\"thumbnailUrl\":\"https:\\\/\\\/nadadebajo.com\\\/wp-content\\\/uploads\\\/2022\\\/12\\\/FINAL-NADA-DEBAJO-12.11.20220041.jpg\",\"datePublished\":\"2023-01-04T12:06:53+00:00\",\"dateModified\":\"2023-04-18T08:37:16+00:00\",\"breadcrumb\":{\"@id\":\"https:\\\/\\\/nadadebajo.com\\\/es\\\/producto\\\/bedoll-dress-onyx\\\/#breadcrumb\"},\"inLanguage\":\"es\",\"potentialAction\":[{\"@type\":\"ReadAction\",\"target\":[\"https:\\\/\\\/nadadebajo.com\\\/es\\\/producto\\\/bedoll-dress-onyx\\\/\"]}]},{\"@type\":\"ImageObject\",\"inLanguage\":\"es\",\"@id\":\"https:\\\/\\\/nadadebajo.com\\\/es\\\/producto\\\/bedoll-dress-onyx\\\/#primaryimage\",\"url\":\"https:\\\/\\\/nadadebajo.com\\\/wp-content\\\/uploads\\\/2022\\\/12\\\/FINAL-NADA-DEBAJO-12.11.20220041.jpg\",\"contentUrl\":\"https:\\\/\\\/nadadebajo.com\\\/wp-content\\\/uploads\\\/2022\\\/12\\\/FINAL-NADA-DEBAJO-12.11.20220041.jpg\",\"width\":1365,\"height\":2048},{\"@type\":\"BreadcrumbList\",\"@id\":\"https:\\\/\\\/nadadebajo.com\\\/es\\\/producto\\\/bedoll-dress-onyx\\\/#breadcrumb\",\"itemListElement\":[{\"@type\":\"ListItem\",\"position\":1,\"name\":\"Tienda\",\"item\":\"https:\\\/\\\/nadadebajo.com\\\/es\\\/tienda\\\/\"},{\"@type\":\"ListItem\",\"position\":2,\"name\":\"BEDOLL DRESS ONYX\"}]},{\"@type\":\"WebSite\",\"@id\":\"https:\\\/\\\/nadadebajo.com\\\/es\\\/#website\",\"url\":\"https:\\\/\\\/nadadebajo.com\\\/es\\\/\",\"name\":\"NADA DEBAJO\",\"description\":\"Buy less, live more.\",\"potentialAction\":[{\"@type\":\"SearchAction\",\"target\":{\"@type\":\"EntryPoint\",\"urlTemplate\":\"https:\\\/\\\/nadadebajo.com\\\/es\\\/?s={search_term_string}\"},\"query-input\":{\"@type\":\"PropertyValueSpecification\",\"valueRequired\":true,\"valueName\":\"search_term_string\"}}],\"inLanguage\":\"es\"}]}<\/script>\n<!-- \/ Yoast SEO plugin. -->","yoast_head_json":{"title":"BEDOLL DRESS ONYX - NADA DEBAJO","robots":{"index":"index","follow":"follow","max-snippet":"max-snippet:-1","max-image-preview":"max-image-preview:large","max-video-preview":"max-video-preview:-1"},"canonical":"https:\/\/nadadebajo.com\/es\/producto\/bedoll-dress-onyx\/","og_locale":"es_ES","og_type":"article","og_title":"BEDOLL DRESS ONYX - NADA DEBAJO","og_description":"Vestido largo de silueta entallada y estructurada, con cuello alto, aperturas laterals y otra en la espalda. Elaborado en lana y seda con altos est\u00e1ndares de calidad, aporta comodidad en los d\u00edas fr\u00edos del invierno sin renunciar a la elegancia de un vestido negro. Destaca por el corte diagonal en el pecho.","og_url":"https:\/\/nadadebajo.com\/es\/producto\/bedoll-dress-onyx\/","og_site_name":"NADA DEBAJO","article_modified_time":"2023-04-18T08:37:16+00:00","og_image":[{"width":1365,"height":2048,"url":"https:\/\/nadadebajo.com\/wp-content\/uploads\/2022\/12\/FINAL-NADA-DEBAJO-12.11.20220041.jpg","type":"image\/jpeg"}],"twitter_card":"summary_large_image","twitter_misc":{"Tiempo de lectura":"1 minuto"},"schema":{"@context":"https:\/\/schema.org","@graph":[{"@type":"WebPage","@id":"https:\/\/nadadebajo.com\/es\/producto\/bedoll-dress-onyx\/","url":"https:\/\/nadadebajo.com\/es\/producto\/bedoll-dress-onyx\/","name":"BEDOLL DRESS ONYX - NADA DEBAJO","isPartOf":{"@id":"https:\/\/nadadebajo.com\/es\/#website"},"primaryImageOfPage":{"@id":"https:\/\/nadadebajo.com\/es\/producto\/bedoll-dress-onyx\/#primaryimage"},"image":{"@id":"https:\/\/nadadebajo.com\/es\/producto\/bedoll-dress-onyx\/#primaryimage"},"thumbnailUrl":"https:\/\/nadadebajo.com\/wp-content\/uploads\/2022\/12\/FINAL-NADA-DEBAJO-12.11.20220041.jpg","datePublished":"2023-01-04T12:06:53+00:00","dateModified":"2023-04-18T08:37:16+00:00","breadcrumb":{"@id":"https:\/\/nadadebajo.com\/es\/producto\/bedoll-dress-onyx\/#breadcrumb"},"inLanguage":"es","potentialAction":[{"@type":"ReadAction","target":["https:\/\/nadadebajo.com\/es\/producto\/bedoll-dress-onyx\/"]}]},{"@type":"ImageObject","inLanguage":"es","@id":"https:\/\/nadadebajo.com\/es\/producto\/bedoll-dress-onyx\/#primaryimage","url":"https:\/\/nadadebajo.com\/wp-content\/uploads\/2022\/12\/FINAL-NADA-DEBAJO-12.11.20220041.jpg","contentUrl":"https:\/\/nadadebajo.com\/wp-content\/uploads\/2022\/12\/FINAL-NADA-DEBAJO-12.11.20220041.jpg","width":1365,"height":2048},{"@type":"BreadcrumbList","@id":"https:\/\/nadadebajo.com\/es\/producto\/bedoll-dress-onyx\/#breadcrumb","itemListElement":[{"@type":"ListItem","position":1,"name":"Tienda","item":"https:\/\/nadadebajo.com\/es\/tienda\/"},{"@type":"ListItem","position":2,"name":"BEDOLL DRESS ONYX"}]},{"@type":"WebSite","@id":"https:\/\/nadadebajo.com\/es\/#website","url":"https:\/\/nadadebajo.com\/es\/","name":"NADA DEBAJO","description":"Buy less, live more.","potentialAction":[{"@type":"SearchAction","target":{"@type":"EntryPoint","urlTemplate":"https:\/\/nadadebajo.com\/es\/?s={search_term_string}"},"query-input":{"@type":"PropertyValueSpecification","valueRequired":true,"valueName":"search_term_string"}}],"inLanguage":"es"}]}},"_links":{"self":[{"href":"https:\/\/nadadebajo.com\/es\/wp-json\/wp\/v2\/product\/2288","targetHints":{"allow":["GET"]}}],"collection":[{"href":"https:\/\/nadadebajo.com\/es\/wp-json\/wp\/v2\/product"}],"about":[{"href":"https:\/\/nadadebajo.com\/es\/wp-json\/wp\/v2\/types\/product"}],"version-history":[{"count":3,"href":"https:\/\/nadadebajo.com\/es\/wp-json\/wp\/v2\/product\/2288\/revisions"}],"predecessor-version":[{"id":3420,"href":"https:\/\/nadadebajo.com\/es\/wp-json\/wp\/v2\/product\/2288\/revisions\/3420"}],"wp:featuredmedia":[{"embeddable":true,"href":"https:\/\/nadadebajo.com\/es\/wp-json\/wp\/v2\/media\/2237"}],"wp:attachment":[{"href":"https:\/\/nadadebajo.com\/es\/wp-json\/wp\/v2\/media?parent=2288"}],"wp:term":[{"taxonomy":"product_brand","embeddable":true,"href":"https:\/\/nadadebajo.com\/es\/wp-json\/wp\/v2\/product_brand?post=2288"},{"taxonomy":"product_cat","embeddable":true,"href":"https:\/\/nadadebajo.com\/es\/wp-json\/wp\/v2\/product_cat?post=2288"},{"taxonomy":"product_tag","embeddable":true,"href":"https:\/\/nadadebajo.com\/es\/wp-json\/wp\/v2\/product_tag?post=2288"}],"curies":[{"name":"wp","href":"https:\/\/api.w.org\/{rel}","templated":true}]}}