{"id":610,"date":"2021-07-16T14:53:56","date_gmt":"2021-07-16T14:53:56","guid":{"rendered":"https:\/\/nadadebajo.com\/product\/volcan-skirt-negro\/"},"modified":"2023-04-17T17:54:27","modified_gmt":"2023-04-17T15:54:27","slug":"volcan-skirt-negro","status":"publish","type":"product","link":"https:\/\/nadadebajo.com\/es\/producto\/volcan-skirt-negro\/","title":{"rendered":"Volc\u00e1n Skirt Negro"},"content":{"rendered":"<p class=\"p1\">Falda larga cruzada en corte evas\u00e9, confeccionada en algod\u00f3n sostenible GOTS, con un nudo lateral que permite un ajuste a medida para un uso c\u00f3modo.<\/p>\n","protected":false},"excerpt":{"rendered":"<p>Falda larga cruzada en corte evas\u00e9, confeccionada en algod\u00f3n sostenible GOTS, con un nudo lateral que permite un ajuste a medida para un uso c\u00f3modo.<\/p>\n","protected":false},"featured_media":1678,"template":"","meta":{"_acf_changed":false},"product_brand":[],"product_cat":[42],"product_tag":[],"class_list":{"0":"post-610","1":"product","2":"type-product","3":"status-publish","4":"has-post-thumbnail","6":"type-conjuntos","7":"type-faldas","8":"product_cat-origami-collection","10":"first","11":"instock","12":"taxable","13":"shipping-taxable","14":"purchasable","15":"product-type-variable","16":"wpzoom-wc-spi-has-enabled"},"acf":[],"yoast_head":"<!-- This site is optimized with the Yoast SEO plugin v27.3 - https:\/\/yoast.com\/product\/yoast-seo-wordpress\/ -->\n<title>NADA DEBAJO | Volc\u00e1n Skirt Negro<\/title>\n<meta name=\"description\" content=\"A-line crossover skirt, made from sustainable GOTS cotton, with a side knot that allows a custom fit for comfortable wear. In black or white.\" \/>\n<meta name=\"robots\" content=\"index, follow, max-snippet:-1, max-image-preview:large, max-video-preview:-1\" \/>\n<link rel=\"canonical\" href=\"https:\/\/nadadebajo.com\/es\/producto\/volcan-skirt-negro\/\" \/>\n<meta property=\"og:locale\" content=\"es_ES\" \/>\n<meta property=\"og:type\" content=\"article\" \/>\n<meta property=\"og:title\" content=\"NADA DEBAJO | Volc\u00e1n Skirt Negro\" \/>\n<meta property=\"og:description\" content=\"A-line crossover skirt, made from sustainable GOTS cotton, with a side knot that allows a custom fit for comfortable wear. In black or white.\" \/>\n<meta property=\"og:url\" content=\"https:\/\/nadadebajo.com\/es\/producto\/volcan-skirt-negro\/\" \/>\n<meta property=\"og:site_name\" content=\"NADA DEBAJO\" \/>\n<meta property=\"article:modified_time\" content=\"2023-04-17T15:54:27+00:00\" \/>\n<meta property=\"og:image\" content=\"https:\/\/nadadebajo.com\/wp-content\/uploads\/2021\/07\/NADADEBAJO2232-1.jpg\" \/>\n\t<meta property=\"og:image:width\" content=\"1000\" \/>\n\t<meta property=\"og:image:height\" content=\"1500\" \/>\n\t<meta property=\"og:image:type\" content=\"image\/jpeg\" \/>\n<meta name=\"twitter:card\" content=\"summary_large_image\" \/>\n<meta name=\"twitter:label1\" content=\"Tiempo de lectura\" \/>\n\t<meta name=\"twitter:data1\" content=\"1 minuto\" \/>\n<script type=\"application\/ld+json\" class=\"yoast-schema-graph\">{\"@context\":\"https:\\\/\\\/schema.org\",\"@graph\":[{\"@type\":\"WebPage\",\"@id\":\"https:\\\/\\\/nadadebajo.com\\\/es\\\/producto\\\/volcan-skirt-negro\\\/\",\"url\":\"https:\\\/\\\/nadadebajo.com\\\/es\\\/producto\\\/volcan-skirt-negro\\\/\",\"name\":\"NADA DEBAJO | Volc\u00e1n Skirt Negro\",\"isPartOf\":{\"@id\":\"https:\\\/\\\/nadadebajo.com\\\/es\\\/#website\"},\"primaryImageOfPage\":{\"@id\":\"https:\\\/\\\/nadadebajo.com\\\/es\\\/producto\\\/volcan-skirt-negro\\\/#primaryimage\"},\"image\":{\"@id\":\"https:\\\/\\\/nadadebajo.com\\\/es\\\/producto\\\/volcan-skirt-negro\\\/#primaryimage\"},\"thumbnailUrl\":\"https:\\\/\\\/nadadebajo.com\\\/wp-content\\\/uploads\\\/2021\\\/07\\\/NADADEBAJO2232-1.jpg\",\"datePublished\":\"2021-07-16T14:53:56+00:00\",\"dateModified\":\"2023-04-17T15:54:27+00:00\",\"description\":\"A-line crossover skirt, made from sustainable GOTS cotton, with a side knot that allows a custom fit for comfortable wear. In black or white.\",\"breadcrumb\":{\"@id\":\"https:\\\/\\\/nadadebajo.com\\\/es\\\/producto\\\/volcan-skirt-negro\\\/#breadcrumb\"},\"inLanguage\":\"es\",\"potentialAction\":[{\"@type\":\"ReadAction\",\"target\":[\"https:\\\/\\\/nadadebajo.com\\\/es\\\/producto\\\/volcan-skirt-negro\\\/\"]}]},{\"@type\":\"ImageObject\",\"inLanguage\":\"es\",\"@id\":\"https:\\\/\\\/nadadebajo.com\\\/es\\\/producto\\\/volcan-skirt-negro\\\/#primaryimage\",\"url\":\"https:\\\/\\\/nadadebajo.com\\\/wp-content\\\/uploads\\\/2021\\\/07\\\/NADADEBAJO2232-1.jpg\",\"contentUrl\":\"https:\\\/\\\/nadadebajo.com\\\/wp-content\\\/uploads\\\/2021\\\/07\\\/NADADEBAJO2232-1.jpg\",\"width\":1000,\"height\":1500},{\"@type\":\"BreadcrumbList\",\"@id\":\"https:\\\/\\\/nadadebajo.com\\\/es\\\/producto\\\/volcan-skirt-negro\\\/#breadcrumb\",\"itemListElement\":[{\"@type\":\"ListItem\",\"position\":1,\"name\":\"Tienda\",\"item\":\"https:\\\/\\\/nadadebajo.com\\\/es\\\/tienda\\\/\"},{\"@type\":\"ListItem\",\"position\":2,\"name\":\"Volc\u00e1n Skirt Negro\"}]},{\"@type\":\"WebSite\",\"@id\":\"https:\\\/\\\/nadadebajo.com\\\/es\\\/#website\",\"url\":\"https:\\\/\\\/nadadebajo.com\\\/es\\\/\",\"name\":\"NADA DEBAJO\",\"description\":\"Buy less, live more.\",\"potentialAction\":[{\"@type\":\"SearchAction\",\"target\":{\"@type\":\"EntryPoint\",\"urlTemplate\":\"https:\\\/\\\/nadadebajo.com\\\/es\\\/?s={search_term_string}\"},\"query-input\":{\"@type\":\"PropertyValueSpecification\",\"valueRequired\":true,\"valueName\":\"search_term_string\"}}],\"inLanguage\":\"es\"}]}<\/script>\n<!-- \/ Yoast SEO plugin. -->","yoast_head_json":{"title":"NADA DEBAJO | Volc\u00e1n Skirt Negro","description":"A-line crossover skirt, made from sustainable GOTS cotton, with a side knot that allows a custom fit for comfortable wear. In black or white.","robots":{"index":"index","follow":"follow","max-snippet":"max-snippet:-1","max-image-preview":"max-image-preview:large","max-video-preview":"max-video-preview:-1"},"canonical":"https:\/\/nadadebajo.com\/es\/producto\/volcan-skirt-negro\/","og_locale":"es_ES","og_type":"article","og_title":"NADA DEBAJO | Volc\u00e1n Skirt Negro","og_description":"A-line crossover skirt, made from sustainable GOTS cotton, with a side knot that allows a custom fit for comfortable wear. In black or white.","og_url":"https:\/\/nadadebajo.com\/es\/producto\/volcan-skirt-negro\/","og_site_name":"NADA DEBAJO","article_modified_time":"2023-04-17T15:54:27+00:00","og_image":[{"width":1000,"height":1500,"url":"https:\/\/nadadebajo.com\/wp-content\/uploads\/2021\/07\/NADADEBAJO2232-1.jpg","type":"image\/jpeg"}],"twitter_card":"summary_large_image","twitter_misc":{"Tiempo de lectura":"1 minuto"},"schema":{"@context":"https:\/\/schema.org","@graph":[{"@type":"WebPage","@id":"https:\/\/nadadebajo.com\/es\/producto\/volcan-skirt-negro\/","url":"https:\/\/nadadebajo.com\/es\/producto\/volcan-skirt-negro\/","name":"NADA DEBAJO | Volc\u00e1n Skirt Negro","isPartOf":{"@id":"https:\/\/nadadebajo.com\/es\/#website"},"primaryImageOfPage":{"@id":"https:\/\/nadadebajo.com\/es\/producto\/volcan-skirt-negro\/#primaryimage"},"image":{"@id":"https:\/\/nadadebajo.com\/es\/producto\/volcan-skirt-negro\/#primaryimage"},"thumbnailUrl":"https:\/\/nadadebajo.com\/wp-content\/uploads\/2021\/07\/NADADEBAJO2232-1.jpg","datePublished":"2021-07-16T14:53:56+00:00","dateModified":"2023-04-17T15:54:27+00:00","description":"A-line crossover skirt, made from sustainable GOTS cotton, with a side knot that allows a custom fit for comfortable wear. In black or white.","breadcrumb":{"@id":"https:\/\/nadadebajo.com\/es\/producto\/volcan-skirt-negro\/#breadcrumb"},"inLanguage":"es","potentialAction":[{"@type":"ReadAction","target":["https:\/\/nadadebajo.com\/es\/producto\/volcan-skirt-negro\/"]}]},{"@type":"ImageObject","inLanguage":"es","@id":"https:\/\/nadadebajo.com\/es\/producto\/volcan-skirt-negro\/#primaryimage","url":"https:\/\/nadadebajo.com\/wp-content\/uploads\/2021\/07\/NADADEBAJO2232-1.jpg","contentUrl":"https:\/\/nadadebajo.com\/wp-content\/uploads\/2021\/07\/NADADEBAJO2232-1.jpg","width":1000,"height":1500},{"@type":"BreadcrumbList","@id":"https:\/\/nadadebajo.com\/es\/producto\/volcan-skirt-negro\/#breadcrumb","itemListElement":[{"@type":"ListItem","position":1,"name":"Tienda","item":"https:\/\/nadadebajo.com\/es\/tienda\/"},{"@type":"ListItem","position":2,"name":"Volc\u00e1n Skirt Negro"}]},{"@type":"WebSite","@id":"https:\/\/nadadebajo.com\/es\/#website","url":"https:\/\/nadadebajo.com\/es\/","name":"NADA DEBAJO","description":"Buy less, live more.","potentialAction":[{"@type":"SearchAction","target":{"@type":"EntryPoint","urlTemplate":"https:\/\/nadadebajo.com\/es\/?s={search_term_string}"},"query-input":{"@type":"PropertyValueSpecification","valueRequired":true,"valueName":"search_term_string"}}],"inLanguage":"es"}]}},"_links":{"self":[{"href":"https:\/\/nadadebajo.com\/es\/wp-json\/wp\/v2\/product\/610","targetHints":{"allow":["GET"]}}],"collection":[{"href":"https:\/\/nadadebajo.com\/es\/wp-json\/wp\/v2\/product"}],"about":[{"href":"https:\/\/nadadebajo.com\/es\/wp-json\/wp\/v2\/types\/product"}],"version-history":[{"count":2,"href":"https:\/\/nadadebajo.com\/es\/wp-json\/wp\/v2\/product\/610\/revisions"}],"predecessor-version":[{"id":3414,"href":"https:\/\/nadadebajo.com\/es\/wp-json\/wp\/v2\/product\/610\/revisions\/3414"}],"wp:featuredmedia":[{"embeddable":true,"href":"https:\/\/nadadebajo.com\/es\/wp-json\/wp\/v2\/media\/1678"}],"wp:attachment":[{"href":"https:\/\/nadadebajo.com\/es\/wp-json\/wp\/v2\/media?parent=610"}],"wp:term":[{"taxonomy":"product_brand","embeddable":true,"href":"https:\/\/nadadebajo.com\/es\/wp-json\/wp\/v2\/product_brand?post=610"},{"taxonomy":"product_cat","embeddable":true,"href":"https:\/\/nadadebajo.com\/es\/wp-json\/wp\/v2\/product_cat?post=610"},{"taxonomy":"product_tag","embeddable":true,"href":"https:\/\/nadadebajo.com\/es\/wp-json\/wp\/v2\/product_tag?post=610"}],"curies":[{"name":"wp","href":"https:\/\/api.w.org\/{rel}","templated":true}]}}